{"id":1078,"date":"2023-11-27T12:53:13","date_gmt":"2023-11-27T15:53:13","guid":{"rendered":"https:\/\/floradearaujo.org.br\/?page_id=1078"},"modified":"2023-11-27T13:18:03","modified_gmt":"2023-11-27T16:18:03","slug":"evangelizacao","status":"publish","type":"page","link":"https:\/\/floradearaujo.org.br\/?page_id=1078","title":{"rendered":"Evangeliza\u00e7\u00e3o"},"content":{"rendered":"\t\t<div data-elementor-type=\"wp-page\" data-elementor-id=\"1078\" class=\"elementor elementor-1078\">\n\t\t\t\t<div class=\"elementor-element elementor-element-d6294f6 e-flex e-con-boxed e-con e-parent\" data-id=\"d6294f6\" data-element_type=\"container\">\n\t\t\t\t\t<div class=\"e-con-inner\">\n\t\t\t\t<div class=\"elementor-element elementor-element-e7fadb1 exad-sticky-section-no exad-glass-effect-no elementor-widget elementor-widget-image\" data-id=\"e7fadb1\" data-element_type=\"widget\" data-widget_type=\"image.default\">\n\t\t\t\t<div class=\"elementor-widget-container\">\n\t\t\t\t\t\t\t\t\t\t\t\t\t<img fetchpriority=\"high\" decoding=\"async\" width=\"460\" height=\"344\" src=\"https:\/\/floradearaujo.org.br\/wp-content\/uploads\/2023\/11\/evangelizacao-infantojuvenil-e-da-juventude.jpg\" class=\"attachment-large size-large wp-image-1061\" alt=\"\" srcset=\"https:\/\/floradearaujo.org.br\/wp-content\/uploads\/2023\/11\/evangelizacao-infantojuvenil-e-da-juventude.jpg 460w, https:\/\/floradearaujo.org.br\/wp-content\/uploads\/2023\/11\/evangelizacao-infantojuvenil-e-da-juventude-300x224.jpg 300w\" sizes=\"(max-width: 460px) 100vw, 460px\" \/>\t\t\t\t\t\t\t\t\t\t\t\t\t<\/div>\n\t\t\t\t<\/div>\n\t\t\t\t<div class=\"elementor-element elementor-element-c732ee2 exad-sticky-section-no exad-glass-effect-no elementor-widget elementor-widget-text-editor\" data-id=\"c732ee2\" data-element_type=\"widget\" data-widget_type=\"text-editor.default\">\n\t\t\t\t<div class=\"elementor-widget-container\">\n\t\t\t\t\t\t\t<p>\u00a0 \u00a0 \u00a0 A Evangeliza\u00e7\u00e3o Infantojuvenil e da mocidade \u00e9 realizada aos s\u00e1bados, nos seguintes hor\u00e1rios:<\/p><ul><li><a href=\"https:\/\/floradearaujo.org.br\/?page_id=49\">Evangeliza\u00e7\u00e3o Infatojuvenil<\/a> 14:30 &#8211; 16:00 (3 a 12 anos)<\/li><li><a href=\"https:\/\/floradearaujo.org.br\/?page_id=51\">Mocidade<\/a> 16:30 &#8211; 17:30 (13 a 23 anos)<\/li><\/ul>\t\t\t\t\t\t<\/div>\n\t\t\t\t<\/div>\n\t\t\t\t\t<\/div>\n\t\t\t\t<\/div>\n\t\t\t\t<\/div>\n\t\t","protected":false},"excerpt":{"rendered":"<p>\u00a0 \u00a0 \u00a0 A Evangeliza\u00e7\u00e3o Infantojuvenil e da mocidade \u00e9 realizada aos s\u00e1bados, nos seguintes hor\u00e1rios: Evangeliza\u00e7\u00e3o Infatojuvenil 14:30 &#8211; 16:00 (3 a 12 anos) Mocidade 16:30 &#8211; 17:30 (13 a 23 anos)<\/p>\n","protected":false},"author":1,"featured_media":0,"parent":0,"menu_order":0,"comment_status":"closed","ping_status":"closed","template":"","meta":{"footnotes":""},"class_list":["post-1078","page","type-page","status-publish","hentry"],"_links":{"self":[{"href":"https:\/\/floradearaujo.org.br\/index.php?rest_route=\/wp\/v2\/pages\/1078","targetHints":{"allow":["GET"]}}],"collection":[{"href":"https:\/\/floradearaujo.org.br\/index.php?rest_route=\/wp\/v2\/pages"}],"about":[{"href":"https:\/\/floradearaujo.org.br\/index.php?rest_route=\/wp\/v2\/types\/page"}],"author":[{"embeddable":true,"href":"https:\/\/floradearaujo.org.br\/index.php?rest_route=\/wp\/v2\/users\/1"}],"replies":[{"embeddable":true,"href":"https:\/\/floradearaujo.org.br\/index.php?rest_route=%2Fwp%2Fv2%2Fcomments&post=1078"}],"version-history":[{"count":0,"href":"https:\/\/floradearaujo.org.br\/index.php?rest_route=\/wp\/v2\/pages\/1078\/revisions"}],"wp:attachment":[{"href":"https:\/\/floradearaujo.org.br\/index.php?rest_route=%2Fwp%2Fv2%2Fmedia&parent=1078"}],"curies":[{"name":"wp","href":"https:\/\/api.w.org\/{rel}","templated":true}]}}