{"id":1539,"date":"2023-12-12T14:16:26","date_gmt":"2023-12-12T17:16:26","guid":{"rendered":"https:\/\/floradearaujo.org.br\/?page_id=1539"},"modified":"2023-12-29T23:02:51","modified_gmt":"2023-12-30T02:02:51","slug":"downloads","status":"publish","type":"page","link":"https:\/\/floradearaujo.org.br\/?page_id=1539","title":{"rendered":"Downloads"},"content":{"rendered":"\t\t<div data-elementor-type=\"wp-page\" data-elementor-id=\"1539\" class=\"elementor elementor-1539\">\n\t\t\t\t<div class=\"elementor-element elementor-element-c605323 e-flex e-con-boxed e-con e-parent\" data-id=\"c605323\" data-element_type=\"container\">\n\t\t\t\t\t<div class=\"e-con-inner\">\n\t\t\t\t<div class=\"elementor-element elementor-element-0eb9fa1 exad-sticky-section-no exad-glass-effect-no elementor-widget elementor-widget-text-editor\" data-id=\"0eb9fa1\" data-element_type=\"widget\" data-widget_type=\"text-editor.default\">\n\t\t\t\t<div class=\"elementor-widget-container\">\n\t\t\t\t\t\t\t<h3>Todas as obras disponibilizadas s\u00e3o de dom\u00ednio p\u00fablico.<\/h3>\t\t\t\t\t\t<\/div>\n\t\t\t\t<\/div>\n\t\t\t\t<div class=\"elementor-element elementor-element-922408c exad-sticky-section-no exad-glass-effect-no elementor-widget elementor-widget-heading\" data-id=\"922408c\" data-element_type=\"widget\" data-widget_type=\"heading.default\">\n\t\t\t\t<div class=\"elementor-widget-container\">\n\t\t\t<h2 class=\"elementor-heading-title elementor-size-default\">Allan Kardec<\/h2>\t\t<\/div>\n\t\t\t\t<\/div>\n\t\t\t\t\t<\/div>\n\t\t\t\t<\/div>\n\t\t<div class=\"elementor-element elementor-element-ac41b15 e-flex e-con-boxed e-con e-parent\" data-id=\"ac41b15\" data-element_type=\"container\">\n\t\t\t\t\t<div class=\"e-con-inner\">\n\t\t\t\t<div class=\"elementor-element elementor-element-f2e8c6c elementor-widget__width-initial exad-sticky-section-no exad-glass-effect-no elementor-widget elementor-widget-image\" data-id=\"f2e8c6c\" data-element_type=\"widget\" data-widget_type=\"image.default\">\n\t\t\t\t<div class=\"elementor-widget-container\">\n\t\t\t\t\t\t\t\t\t\t\t\t\t<img fetchpriority=\"high\" decoding=\"async\" width=\"460\" height=\"626\" src=\"https:\/\/floradearaujo.org.br\/wp-content\/uploads\/2023\/11\/estudo-doutrinario.webp\" class=\"attachment-large size-large wp-image-1036\" alt=\"\" srcset=\"https:\/\/floradearaujo.org.br\/wp-content\/uploads\/2023\/11\/estudo-doutrinario.webp 460w, https:\/\/floradearaujo.org.br\/wp-content\/uploads\/2023\/11\/estudo-doutrinario-220x300.webp 220w\" sizes=\"(max-width: 460px) 100vw, 460px\" \/>\t\t\t\t\t\t\t\t\t\t\t\t\t<\/div>\n\t\t\t\t<\/div>\n\t\t\t\t<div class=\"elementor-element elementor-element-141147d exad-sticky-section-no exad-glass-effect-no elementor-widget elementor-widget-text-editor\" data-id=\"141147d\" data-element_type=\"widget\" data-widget_type=\"text-editor.default\">\n\t\t\t\t<div class=\"elementor-widget-container\">\n\t\t\t\t\t\t\t<table width=\"89%\"><tbody><tr><td width=\"94%\"><p><a href=\"http:\/\/www.dominiopublico.gov.br\/pesquisa\/DetalheObraForm.do?select_action=&amp;co_obra=2495\">A G\u00eanese &#8211; Os Milagres e as Predi\u00e7\u00f5es Segundo o Espiritismo<\/a><\/p><\/td><\/tr><tr><td width=\"94%\"><p><a href=\"http:\/\/www.dominiopublico.gov.br\/pesquisa\/DetalheObraForm.do?select_action=&amp;co_obra=2502\">O C\u00e9u e O Inferno<\/a><\/p><\/td><\/tr><tr><td width=\"94%\"><p><a href=\"http:\/\/www.dominiopublico.gov.br\/pesquisa\/DetalheObraForm.do?select_action=&amp;co_obra=2503\">O Evangelho Segundo O Espiritismo<\/a><\/p><\/td><\/tr><tr><td width=\"94%\"><p><a href=\"http:\/\/www.dominiopublico.gov.br\/pesquisa\/DetalheObraForm.do?select_action=&amp;co_obra=2504\">O Livro dos Esp\u00edritos<\/a><\/p><\/td><\/tr><tr><td width=\"94%\"><p><a href=\"http:\/\/www.dominiopublico.gov.br\/pesquisa\/DetalheObraForm.do?select_action=&amp;co_obra=2505\">O Livro dos M\u00e9diuns<\/a><\/p><\/td><\/tr><\/tbody><\/table>\t\t\t\t\t\t<\/div>\n\t\t\t\t<\/div>\n\t\t\t\t\t<\/div>\n\t\t\t\t<\/div>\n\t\t<div class=\"elementor-element elementor-element-92edaec e-flex e-con-boxed e-con e-parent\" data-id=\"92edaec\" data-element_type=\"container\">\n\t\t\t\t\t<div class=\"e-con-inner\">\n\t\t\t\t<div class=\"elementor-element elementor-element-e220168 exad-sticky-section-no exad-glass-effect-no elementor-widget elementor-widget-text-editor\" data-id=\"e220168\" data-element_type=\"widget\" data-widget_type=\"text-editor.default\">\n\t\t\t\t<div class=\"elementor-widget-container\">\n\t\t\t\t\t\t\t<h2>V\u00eddeos da s\u00e9rie &#8220;Informa\u00e7\u00e3o Esp\u00edrita&#8221;, produzidos pela revista mensal &#8220;Informa\u00e7\u00e3o Esp\u00edrita&#8221;<\/h2>\t\t\t\t\t\t<\/div>\n\t\t\t\t<\/div>\n\t\t\t\t\t<\/div>\n\t\t\t\t<\/div>\n\t\t<div class=\"elementor-element elementor-element-c617886 e-flex e-con-boxed e-con e-parent\" data-id=\"c617886\" data-element_type=\"container\">\n\t\t\t\t\t<div class=\"e-con-inner\">\n\t\t\t\t<div class=\"elementor-element elementor-element-cbb3631 exad-sticky-section-no exad-glass-effect-no elementor-widget elementor-widget-text-editor\" data-id=\"cbb3631\" data-element_type=\"widget\" data-widget_type=\"text-editor.default\">\n\t\t\t\t<div class=\"elementor-widget-container\">\n\t\t\t\t\t\t\t<table width=\"100%\">\n<tbody>\n<tr>\n<td>\n<table width=\"39%\">\n<tbody>\n<tr>\n<td><a href=\"http:\/\/www.dominiopublico.gov.br\/pesquisa\/DetalheObraForm.do?select_action=&amp;co_obra=30712\">Por que Espiritismo?<\/a><\/td>\n<\/tr>\n<tr>\n<td><a href=\"http:\/\/www.dominiopublico.gov.br\/pesquisa\/DetalheObraForm.do?select_action=&amp;co_obra=30729\">A pr\u00e1tica esp\u00edrita<\/a><\/td>\n<\/tr>\n<tr>\n<td><a href=\"http:\/\/www.dominiopublico.gov.br\/pesquisa\/DetalheObraForm.do?select_action=&amp;co_obra=30735\">Sobre a morte e o morrer<\/a><\/td>\n<\/tr>\n<tr>\n<td><a href=\"http:\/\/www.dominiopublico.gov.br\/pesquisa\/DetalheObraForm.do?select_action=&amp;co_obra=42038\">Chico Xavier: um perfil biogr\u00e1fico &#8211; introdu\u00e7\u00e3o<\/a><\/td>\n<\/tr>\n<tr>\n<td><a href=\"http:\/\/www.dominiopublico.gov.br\/pesquisa\/DetalheObraForm.do?select_action=&amp;co_obra=30718\">As obras b\u00e1sicas: o princ\u00edpio<\/a><\/td>\n<\/tr>\n<tr>\n<td><a href=\"http:\/\/www.dominiopublico.gov.br\/pesquisa\/DetalheObraForm.do?select_action=&amp;co_obra=30744\">A influ\u00eancia espiritual<\/a><\/td>\n<\/tr>\n<tr>\n<td><a href=\"http:\/\/www.dominiopublico.gov.br\/pesquisa\/DetalheObraForm.do?select_action=&amp;co_obra=30720\">A filosofia esp\u00edrita<\/a><\/td>\n<\/tr>\n<tr>\n<td><a href=\"http:\/\/www.dominiopublico.gov.br\/pesquisa\/DetalheObraForm.do?select_action=&amp;co_obra=42041\">Chico Xavier: a primeira etapa<\/a><\/td>\n<\/tr>\n<tr>\n<td><a href=\"http:\/\/www.dominiopublico.gov.br\/pesquisa\/DetalheObraForm.do?select_action=&amp;co_obra=30724\">A moral esp\u00edrita<\/a><\/td>\n<\/tr>\n<\/tbody>\n<\/table>\n<\/td>\n<\/tr>\n<\/tbody>\n<\/table>\t\t\t\t\t\t<\/div>\n\t\t\t\t<\/div>\n\t\t\t\t<div class=\"elementor-element elementor-element-4a58a92 exad-sticky-section-no exad-glass-effect-no elementor-widget elementor-widget-text-editor\" data-id=\"4a58a92\" data-element_type=\"widget\" data-widget_type=\"text-editor.default\">\n\t\t\t\t<div class=\"elementor-widget-container\">\n\t\t\t\t\t\t\t<table width=\"100%\">\n<tbody>\n<tr>\n<td>\n<table width=\"39%\">\n<tbody>\n<tr>\n<td><a href=\"http:\/\/www.dominiopublico.gov.br\/pesquisa\/DetalheObraForm.do?select_action=&amp;co_obra=42045\">Perturba\u00e7\u00e3o espiritual<\/a><\/td>\n<\/tr>\n<tr>\n<td><a href=\"http:\/\/www.dominiopublico.gov.br\/pesquisa\/DetalheObraForm.do?select_action=&amp;co_obra=30726\">Espiritismo no Brasil<\/a><\/td>\n<\/tr>\n<tr>\n<td><a href=\"http:\/\/www.dominiopublico.gov.br\/pesquisa\/DetalheObraForm.do?select_action=&amp;co_obra=30740\">Os esp\u00edritos e os efeitos f\u00edsicos<\/a><\/td>\n<\/tr>\n<tr>\n<td><a href=\"http:\/\/www.dominiopublico.gov.br\/pesquisa\/DetalheObraForm.do?select_action=&amp;co_obra=30722\">O fen\u00f4meno medi\u00fanico<\/a><\/td>\n<\/tr>\n<tr>\n<td><a href=\"http:\/\/www.dominiopublico.gov.br\/pesquisa\/DetalheObraForm.do?select_action=&amp;co_obra=30738\">Reencarna\u00e7\u00e3o<\/a><\/td>\n<\/tr>\n<tr>\n<td><a href=\"http:\/\/www.dominiopublico.gov.br\/pesquisa\/DetalheObraForm.do?select_action=&amp;co_obra=42042\">Chico Xavier: um exemplo vivo<\/a><\/td>\n<\/tr>\n<tr>\n<td><a href=\"http:\/\/www.dominiopublico.gov.br\/pesquisa\/DetalheObraForm.do?select_action=&amp;co_obra=42043\">Chico Xavier: o esp\u00edrito e as massas<\/a><\/td>\n<\/tr>\n<tr>\n<td><a href=\"http:\/\/www.dominiopublico.gov.br\/pesquisa\/DetalheObraForm.do?select_action=&amp;co_obra=42044\">Analia Franco<\/a><\/td>\n<\/tr>\n<tr>\n<td><a href=\"http:\/\/www.dominiopublico.gov.br\/pesquisa\/DetalheObraForm.do?select_action=&amp;co_obra=30731\">A atitude mental<\/a><\/td>\n<\/tr>\n<\/tbody>\n<\/table>\n<\/td>\n<\/tr>\n<\/tbody>\n<\/table>\t\t\t\t\t\t<\/div>\n\t\t\t\t<\/div>\n\t\t\t\t\t<\/div>\n\t\t\t\t<\/div>\n\t\t<div class=\"elementor-element elementor-element-7da9ee9 e-flex e-con-boxed e-con e-parent\" data-id=\"7da9ee9\" data-element_type=\"container\">\n\t\t\t\t\t<div class=\"e-con-inner\">\n\t\t\t\t<div class=\"elementor-element elementor-element-418dcef exad-sticky-section-no exad-glass-effect-no elementor-widget elementor-widget-heading\" data-id=\"418dcef\" data-element_type=\"widget\" data-widget_type=\"heading.default\">\n\t\t\t\t<div class=\"elementor-widget-container\">\n\t\t\t<h2 class=\"elementor-heading-title elementor-size-default\"><a href=\"https:\/\/www.febnet.org.br\/portal\/2023\/07\/14\/campanhas\/\">Campanha | Op\u00fasculos - FEB - CFN<\/a><\/h2>\t\t<\/div>\n\t\t\t\t<\/div>\n\t\t\t\t\t<\/div>\n\t\t\t\t<\/div>\n\t\t<div class=\"elementor-element elementor-element-59eccfd e-flex e-con-boxed e-con e-parent\" data-id=\"59eccfd\" data-element_type=\"container\">\n\t\t\t\t\t<div class=\"e-con-inner\">\n\t\t\t\t<div class=\"elementor-element elementor-element-d9a1162 exad-sticky-section-no exad-glass-effect-no elementor-widget elementor-widget-text-editor\" data-id=\"d9a1162\" data-element_type=\"widget\" data-widget_type=\"text-editor.default\">\n\t\t\t\t<div class=\"elementor-widget-container\">\n\t\t\t\t\t\t\t<p>Clique no t\u00edtulo desta se\u00e7\u00e3o e acesse as 15 campanhas permanentes da FEB, coordenadas pelo CFN (Conselho Federativo Nacional).<\/p><p>Os op\u00fasculos em pdf podem ser baixados gratuitamente.<\/p><p><strong>Campanhas:<\/strong><\/p><ul><li>Em defesa da vida:<ol><li>Aborto, n\u00e3o!<\/li><li>Drogas, n\u00e3o!<\/li><li>Eutan\u00e1sia, n\u00e3o!<\/li><li>Viol\u00eancia, n\u00e3o!<\/li><li>Suic\u00eddio, n\u00e3o!<\/li><\/ol><\/li><li>Em defesa da vida, animal:<ol><li>Volume I e II;<\/li><\/ol><\/li><li>O Evangelho no lar e no cora\u00e7\u00e3o;<\/li><li>Construamos a Paz, promovendo o Bem;<\/li><li>Espiritismo e pol\u00edtica;<\/li><li>Direitos autorais.<\/li><\/ul>\t\t\t\t\t\t<\/div>\n\t\t\t\t<\/div>\n\t\t\t\t\t<\/div>\n\t\t\t\t<\/div>\n\t\t\t\t<\/div>\n\t\t","protected":false},"excerpt":{"rendered":"<p>Todas as obras disponibilizadas s\u00e3o de dom\u00ednio p\u00fablico. Allan Kardec A G\u00eanese &#8211; Os Milagres e as Predi\u00e7\u00f5es Segundo o Espiritismo O C\u00e9u e O Inferno O Evangelho Segundo O Espiritismo O Livro dos Esp\u00edritos O Livro dos M\u00e9diuns V\u00eddeos da s\u00e9rie &#8220;Informa\u00e7\u00e3o Esp\u00edrita&#8221;, produzidos pela revista mensal &#8220;Informa\u00e7\u00e3o Esp\u00edrita&#8221; Por que Espiritismo? A pr\u00e1tica&hellip;<\/p>\n","protected":false},"author":1,"featured_media":0,"parent":0,"menu_order":0,"comment_status":"closed","ping_status":"closed","template":"","meta":{"footnotes":""},"class_list":["post-1539","page","type-page","status-publish","hentry"],"_links":{"self":[{"href":"https:\/\/floradearaujo.org.br\/index.php?rest_route=\/wp\/v2\/pages\/1539","targetHints":{"allow":["GET"]}}],"collection":[{"href":"https:\/\/floradearaujo.org.br\/index.php?rest_route=\/wp\/v2\/pages"}],"about":[{"href":"https:\/\/floradearaujo.org.br\/index.php?rest_route=\/wp\/v2\/types\/page"}],"author":[{"embeddable":true,"href":"https:\/\/floradearaujo.org.br\/index.php?rest_route=\/wp\/v2\/users\/1"}],"replies":[{"embeddable":true,"href":"https:\/\/floradearaujo.org.br\/index.php?rest_route=%2Fwp%2Fv2%2Fcomments&post=1539"}],"version-history":[{"count":0,"href":"https:\/\/floradearaujo.org.br\/index.php?rest_route=\/wp\/v2\/pages\/1539\/revisions"}],"wp:attachment":[{"href":"https:\/\/floradearaujo.org.br\/index.php?rest_route=%2Fwp%2Fv2%2Fmedia&parent=1539"}],"curies":[{"name":"wp","href":"https:\/\/api.w.org\/{rel}","templated":true}]}}