{"id":29,"date":"2023-11-19T21:24:15","date_gmt":"2023-11-20T00:24:15","guid":{"rendered":"http:\/\/floradearaujo.org.br?page_id=29"},"modified":"2024-08-03T22:11:03","modified_gmt":"2024-08-04T01:11:03","slug":"historia","status":"publish","type":"page","link":"https:\/\/floradearaujo.org.br\/?page_id=29","title":{"rendered":"Hist\u00f3ria"},"content":{"rendered":"\t\t<div data-elementor-type=\"wp-page\" data-elementor-id=\"29\" class=\"elementor elementor-29\">\n\t\t\t\t<div class=\"elementor-element elementor-element-4cf61f5 e-flex e-con-boxed e-con e-parent\" data-id=\"4cf61f5\" data-element_type=\"container\">\n\t\t\t\t\t<div class=\"e-con-inner\">\n\t\t<div class=\"elementor-element elementor-element-a2bacc4 e-flex e-con-boxed e-con e-child\" data-id=\"a2bacc4\" data-element_type=\"container\" data-settings=\"{&quot;background_background&quot;:&quot;slideshow&quot;,&quot;background_slideshow_gallery&quot;:[],&quot;background_slideshow_loop&quot;:&quot;yes&quot;,&quot;background_slideshow_slide_duration&quot;:5000,&quot;background_slideshow_slide_transition&quot;:&quot;fade&quot;,&quot;background_slideshow_transition_duration&quot;:500}\">\n\t\t\t\t\t<div class=\"e-con-inner\">\n\t\t\t\t\t<\/div>\n\t\t\t\t<\/div>\n\t\t\t\t<div class=\"elementor-element elementor-element-b5c7ae6 exad-sticky-section-no exad-glass-effect-no elementor-widget elementor-widget-image\" data-id=\"b5c7ae6\" data-element_type=\"widget\" data-widget_type=\"image.default\">\n\t\t\t\t<div class=\"elementor-widget-container\">\n\t\t\t\t\t\t\t\t\t\t\t\t\t<img fetchpriority=\"high\" decoding=\"async\" width=\"1024\" height=\"163\" src=\"https:\/\/floradearaujo.org.br\/wp-content\/uploads\/2023\/11\/banner-historia-1024x163.jpg\" class=\"attachment-large size-large wp-image-166\" alt=\"\" srcset=\"https:\/\/floradearaujo.org.br\/wp-content\/uploads\/2023\/11\/banner-historia-1024x163.jpg 1024w, https:\/\/floradearaujo.org.br\/wp-content\/uploads\/2023\/11\/banner-historia-600x96.jpg 600w, https:\/\/floradearaujo.org.br\/wp-content\/uploads\/2023\/11\/banner-historia-300x48.jpg 300w, https:\/\/floradearaujo.org.br\/wp-content\/uploads\/2023\/11\/banner-historia-768x123.jpg 768w, https:\/\/floradearaujo.org.br\/wp-content\/uploads\/2023\/11\/banner-historia-1536x245.jpg 1536w, https:\/\/floradearaujo.org.br\/wp-content\/uploads\/2023\/11\/banner-historia.jpg 1942w\" sizes=\"(max-width: 1024px) 100vw, 1024px\" \/>\t\t\t\t\t\t\t\t\t\t\t\t\t<\/div>\n\t\t\t\t<\/div>\n\t\t\t\t<div class=\"elementor-element elementor-element-d337d95 exad-sticky-section-no exad-glass-effect-no elementor-widget elementor-widget-text-editor\" data-id=\"d337d95\" data-element_type=\"widget\" data-widget_type=\"text-editor.default\">\n\t\t\t\t<div class=\"elementor-widget-container\">\n\t\t\t\t\t\t\t<p>\u00a0 \u00a0 \u00a0 O Centro Esp\u00edrita Flora de Ara\u00fajo nasceu de uma mensagem psicof\u00f4nica, em reuni\u00e3o medi\u00fanica na Uni\u00e3o Kardecista de Nil\u00f3polis, no ano de <strong>1943<\/strong><\/p><p><strong><u>1\u00aa Mensagem<\/u>:<\/strong> Assim disse o Irm\u00e3o mensageiro: \u201cIrm\u00e3o Ara\u00fajo e companheiros que ter\u00e3o, junto com voc\u00ea, a miss\u00e3o de fundar uma Casa Esp\u00edrita na vizinha cidade de Resende, para onde ir\u00e1 a \u201cnossa\u201d Academia Militar. Esta Casa Esp\u00edrita se chamar\u00e1 <strong>\u201cCentro Esp\u00edrita Flora de Ara\u00fajo<\/strong>\u201d. Quanto a quem foi a pessoa de Flora de Ara\u00fajo outro Irm\u00e3o que tamb\u00e9m faz parte da Grande Equipe na organiza\u00e7\u00e3o deste novo Centro oportunamente vir\u00e1 lhe dizer. Paz a todos!\u201d<\/p><p><strong><u>2\u00aa Mensagem<\/u>:<\/strong> Dias depois, houve a mensagem psicografada. \u201cMeu Irm\u00e3o Ara\u00fajo, paz e luz! Como voc\u00ea perguntou, informamos quem foi Flora de Ara\u00fajo. Nossa irm\u00e3 nasceu na cidade de Olinda, Pernambuco. Foi para o Rio de Janeiro. N\u00e3o teve filhos e ela e o marido decidiram adotar muitas crian\u00e7as. Logo seu lar se formou com muitas crian\u00e7as, que cuidava como verdadeiros filhos. Nossa irm\u00e3 ficou vi\u00fava, mas continuou a adotar crian\u00e7as, formando o \u201cLar da Crian\u00e7a\u201d, onde os maiores j\u00e1 passaram a ajud\u00e1-la na educa\u00e7\u00e3o dos menores. Desencarnou em 24 de outubro de 1934&#8243;.<\/p>\t\t\t\t\t\t<\/div>\n\t\t\t\t<\/div>\n\t\t\t\t\t<\/div>\n\t\t\t\t<\/div>\n\t\t<div class=\"elementor-element elementor-element-bf84844 e-con-full e-flex e-con e-parent\" data-id=\"bf84844\" data-element_type=\"container\">\n\t\t\t\t<div class=\"elementor-element elementor-element-6b54ea0 exad-sticky-section-no exad-glass-effect-no elementor-widget elementor-widget-video\" data-id=\"6b54ea0\" data-element_type=\"widget\" data-settings=\"{&quot;youtube_url&quot;:&quot;https:\\\/\\\/www.youtube.com\\\/watch?v=vbsIq1A6aiY&amp;t=131s&quot;,&quot;video_type&quot;:&quot;youtube&quot;,&quot;controls&quot;:&quot;yes&quot;}\" data-widget_type=\"video.default\">\n\t\t\t\t<div class=\"elementor-widget-container\">\n\t\t\t\t\t<div class=\"elementor-wrapper elementor-open-inline\">\n\t\t\t<div class=\"elementor-video\"><\/div>\t\t<\/div>\n\t\t\t\t<\/div>\n\t\t\t\t<\/div>\n\t\t\t\t<\/div>\n\t\t<div class=\"elementor-element elementor-element-d101a04 e-flex e-con-boxed e-con e-parent\" data-id=\"d101a04\" data-element_type=\"container\">\n\t\t\t\t\t<div class=\"e-con-inner\">\n\t\t\t\t<div class=\"elementor-element elementor-element-8cfbcb8 exad-sticky-section-no exad-glass-effect-no elementor-widget elementor-widget-text-editor\" data-id=\"8cfbcb8\" data-element_type=\"widget\" data-widget_type=\"text-editor.default\">\n\t\t\t\t<div class=\"elementor-widget-container\">\n\t\t\t\t\t\t\t<p>\u00a0 \u00a0 \u00a0 Em <strong>1944<\/strong> veio para Resende o pessoal civil e militar da Academia Militar do Realengo. O irm\u00e3o Ara\u00fajo e seus companheiros come\u00e7aram a se reunir em sua casa, no bairro de Monte Castelo, como j\u00e1 haviam combinado anteriormente.<\/p><p>\u00a0 \u00a0 \u00a0 No dia <strong>11 de agosto de 1947, \u00e0s 20h<\/strong> na Sede Social do GRUMC, no Monte Castelo, aconteceu a solenidade festiva do in\u00edcio das reuni\u00f5es doutrin\u00e1rias, j\u00e1 com o nome de Centro Esp\u00edrita Flora de Ara\u00fajo.\u00a0 O seu primeiro presidente foi Jos\u00e9 Ferreira de Ara\u00fajo.<\/p><p>\u00a0 \u00a0 \u00a0 Em <strong>1949<\/strong> foi comprado o terreno e iniciadas as obras para constru\u00e7\u00e3o da sede pr\u00f3pria do CEFA. Tivemos aux\u00edlio de v\u00e1rios irm\u00e3os simpatizantes da Doutrina Esp\u00edrita.<\/p><p>\u00a0 \u00a0 \u00a0 Em <strong>24 outubro 1954<\/strong> na comemora\u00e7\u00e3o dos 20 anos de desencarne de Flora de Ara\u00fajo, foi inaugurado o pavimento superior do CEFA.\u00a0O vereador da C\u00e2mara Municipal de Resende, Herm\u00ednio Jos\u00e9 da Fonseca, prop\u00f4s (e foi aprovado) que a Travessa Coronel Braziel passasse a chamar Travessa Flora de Ara\u00fajo, em homenagem ao CEFA.<\/p><p>\u00a0 \u00a0 \u00a0 Em <strong>27 de outubro de 1963<\/strong> a Travessa Coronel Braziel recebeu o nome de Travessa Flora de Ara\u00fajo.<\/p><p>\u00a0 \u00a0 \u00a0 Em <strong>27 de mar\u00e7o de 2015<\/strong> foram iniciadas as obras de readequa\u00e7\u00e3o do Flora de Ara\u00fajo a legisla\u00e7\u00e3o vigente e a transfer\u00eancia do sal\u00e3o de palestras para o andar t\u00e9rreo.\u00a0<\/p><p>\u00a0 \u00a0 \u00a0 Em<strong> 04 de junho de 2015<\/strong> foi realizada a primeira palestra p\u00fablica no novo sal\u00e3o, no primeiro piso. Coube ao irm\u00e3o Linhares \u201cinaugurar\u201d essa nova fase do CEFA.<\/p><p>\u00a0 \u00a0 \u00a0 Em<strong> 01 de junho de 2016<\/strong> foram conclu\u00eddas as salas no segundo piso. Com o esfor\u00e7o e colabora\u00e7\u00e3o dos s\u00f3cios e trabalhadores do C.E.F.A., oficializamos no dia 18 de julho de 2016 a entrega das novas instala\u00e7\u00f5es do Centro.<\/p><p>\u00a0 \u00a0 \u00a0 Em<strong> fevereiro de 2017<\/strong> foram feitas as novas instala\u00e7\u00f5es da Biblioteca An\u00e1lia Franco e inaugurada a Livraria Caibar Schutel e a nova fachada do CEFA.<\/p><p>\u00a0 \u00a0 \u00a0 Em<strong> julho de 2017<\/strong> foram feitos dois pequenos sanit\u00e1rios no fundo da varanda para atender \u00e0s crian\u00e7as da Evangeliza\u00e7\u00e3o Infantil e refeita a cal\u00e7ada do centro.<\/p><p>\u00a0 \u00a0 \u00a0 Em<strong> 2019<\/strong> foi inaugurada a Livraria de livros usados Poeta J\u00falio Costa Netto.<\/p><p>\u00a0 \u00a0 \u00a0 O <strong>Estudo sistematizado da Doutrina Esp\u00edrita<\/strong> (ESDE) foi implantado no Centro Esp\u00edrita Flora de Ara\u00fajo em <strong>2000<\/strong>, por iniciativa da ent\u00e3o presidente da casa, nossa irm\u00e3 Marizinha (Maria Gast\u00e3o) e contou com a colabora\u00e7\u00e3o do nosso irm\u00e3o Luiz Carlos Ferraz, da Cruzada dos Militares Esp\u00edritas.<\/p><p>\u00a0 \u00a0 \u00a0 Os estudos do CEFA s\u00e3o realizados nas segundas-feiras com Estudo Aprofundado da Doutrina Esp\u00edrita (EADE), Estudo Sistematizado da Doutrina Esp\u00edrita &#8211; ESDE e estudo do Evangelho Segundo o Espiritismo. \u00c0s quartas-feiras e aos s\u00e1bados s\u00e3o estudadas as obras b\u00e1sicas.<\/p><p>\u00a0 \u00a0 \u00a0 Devido a pandemia em <strong>2020<\/strong> as aulas foram on-line, retornando presencial em <strong>2022<\/strong>.<\/p><p>\u00a0 \u00a0 \u00a0 Em<strong> 2007<\/strong> a Biblioteca An\u00e1lia Franco do CEFA foi reinaugurada.<\/p><p>\u00a0 \u00a0 \u00a0 Em <strong>2016<\/strong> foi inaugurada no CEFA a Livraria Caibar Schutel.<\/p><p>\u00a0 \u00a0 \u00a0 Em <strong>2019<\/strong> foi inaugurada a Livraria de Livros usados Poeta J\u00falio Costa Netto.<\/p><p>\u00a0 \u00a0 \u00a0 Hoje, o Centro Esp\u00edrita Flora de Ara\u00fajo permanece com as suas portas abertas para aqueles que aqui vem em busca de conforto ou de conhecimento da Doutrina Esp\u00edrita. Temos reuni\u00f5es de estudo sistematizado, palestras p\u00fablicas, assist\u00eancia espiritual, evangeliza\u00e7\u00e3o infantil e para jovens, promo\u00e7\u00e3o social com distribui\u00e7\u00e3o de alimentos e roupas \u00e0s fam\u00edlias cadastradas, al\u00e9m de atividades de visita ao Asilo Nicolino Gulhot e campanha do quilo (realizada pelos jovens e aberto a quem quiser participar com eles).<\/p><p>\u00a0 \u00a0 \u00a0 Nos quadros de Avisos est\u00e3o afixados os dias e hor\u00e1rios das atividades da Casa.<\/p>\t\t\t\t\t\t<\/div>\n\t\t\t\t<\/div>\n\t\t\t\t\t<\/div>\n\t\t\t\t<\/div>\n\t\t<div class=\"elementor-element elementor-element-d03c515 e-flex e-con-boxed e-con e-parent\" data-id=\"d03c515\" data-element_type=\"container\">\n\t\t\t\t\t<div class=\"e-con-inner\">\n\t\t\t\t<div class=\"elementor-element elementor-element-891d601 exad-sticky-section-no exad-glass-effect-no elementor-widget elementor-widget-heading\" data-id=\"891d601\" data-element_type=\"widget\" data-widget_type=\"heading.default\">\n\t\t\t\t<div class=\"elementor-widget-container\">\n\t\t\t<h2 class=\"elementor-heading-title elementor-size-default\">Trabalhadores do CEFA, de ontem, de hoje e de sempre<\/h2>\t\t<\/div>\n\t\t\t\t<\/div>\n\t\t\t\t\t<\/div>\n\t\t\t\t<\/div>\n\t\t<div class=\"elementor-element elementor-element-cc34d22 e-flex e-con-boxed e-con e-parent\" data-id=\"cc34d22\" data-element_type=\"container\">\n\t\t\t\t\t<div class=\"e-con-inner\">\n\t\t\t\t<div class=\"elementor-element elementor-element-3749a69 exad-sticky-section-no exad-glass-effect-no elementor-widget elementor-widget-image\" data-id=\"3749a69\" data-element_type=\"widget\" data-widget_type=\"image.default\">\n\t\t\t\t<div class=\"elementor-widget-container\">\n\t\t\t\t\t\t\t\t\t\t\t\t\t<img decoding=\"async\" width=\"600\" height=\"450\" src=\"https:\/\/floradearaujo.org.br\/wp-content\/uploads\/2023\/11\/Trabalhadores-CEFA.jpg\" class=\"attachment-large size-large wp-image-114\" alt=\"\" srcset=\"https:\/\/floradearaujo.org.br\/wp-content\/uploads\/2023\/11\/Trabalhadores-CEFA.jpg 600w, https:\/\/floradearaujo.org.br\/wp-content\/uploads\/2023\/11\/Trabalhadores-CEFA-300x225.jpg 300w\" sizes=\"(max-width: 600px) 100vw, 600px\" \/>\t\t\t\t\t\t\t\t\t\t\t\t\t<\/div>\n\t\t\t\t<\/div>\n\t\t\t\t\t<\/div>\n\t\t\t\t<\/div>\n\t\t\t\t<\/div>\n\t\t","protected":false},"excerpt":{"rendered":"<p>\u00a0 \u00a0 \u00a0 O Centro Esp\u00edrita Flora de Ara\u00fajo nasceu de uma mensagem psicof\u00f4nica, em reuni\u00e3o medi\u00fanica na Uni\u00e3o Kardecista de Nil\u00f3polis, no ano de 1943 1\u00aa Mensagem: Assim disse o Irm\u00e3o mensageiro: \u201cIrm\u00e3o Ara\u00fajo e companheiros que ter\u00e3o, junto com voc\u00ea, a miss\u00e3o de fundar uma Casa Esp\u00edrita na vizinha cidade de Resende, para&hellip;<\/p>\n","protected":false},"author":1,"featured_media":0,"parent":0,"menu_order":0,"comment_status":"closed","ping_status":"closed","template":"","meta":{"footnotes":""},"class_list":["post-29","page","type-page","status-publish","hentry"],"_links":{"self":[{"href":"https:\/\/floradearaujo.org.br\/index.php?rest_route=\/wp\/v2\/pages\/29","targetHints":{"allow":["GET"]}}],"collection":[{"href":"https:\/\/floradearaujo.org.br\/index.php?rest_route=\/wp\/v2\/pages"}],"about":[{"href":"https:\/\/floradearaujo.org.br\/index.php?rest_route=\/wp\/v2\/types\/page"}],"author":[{"embeddable":true,"href":"https:\/\/floradearaujo.org.br\/index.php?rest_route=\/wp\/v2\/users\/1"}],"replies":[{"embeddable":true,"href":"https:\/\/floradearaujo.org.br\/index.php?rest_route=%2Fwp%2Fv2%2Fcomments&post=29"}],"version-history":[{"count":0,"href":"https:\/\/floradearaujo.org.br\/index.php?rest_route=\/wp\/v2\/pages\/29\/revisions"}],"wp:attachment":[{"href":"https:\/\/floradearaujo.org.br\/index.php?rest_route=%2Fwp%2Fv2%2Fmedia&parent=29"}],"curies":[{"name":"wp","href":"https:\/\/api.w.org\/{rel}","templated":true}]}}