{"id":31,"date":"2023-11-19T21:25:13","date_gmt":"2023-11-20T00:25:13","guid":{"rendered":"http:\/\/floradearaujo.org.br?page_id=31"},"modified":"2023-12-20T21:27:33","modified_gmt":"2023-12-21T00:27:33","slug":"mentora","status":"publish","type":"page","link":"https:\/\/floradearaujo.org.br\/?page_id=31","title":{"rendered":"Mentora"},"content":{"rendered":"\t\t<div data-elementor-type=\"wp-page\" data-elementor-id=\"31\" class=\"elementor elementor-31\">\n\t\t\t\t<div class=\"elementor-element elementor-element-d4e08ff e-flex e-con-boxed e-con e-parent\" data-id=\"d4e08ff\" data-element_type=\"container\" data-settings=\"{&quot;background_background&quot;:&quot;video&quot;}\">\n\t\t\t\t\t<div class=\"e-con-inner\">\n\t\t\t\t<div class=\"elementor-element elementor-element-5213a3b elementor-widget__width-initial exad-sticky-section-no exad-glass-effect-no elementor-widget elementor-widget-image\" data-id=\"5213a3b\" data-element_type=\"widget\" data-widget_type=\"image.default\">\n\t\t\t\t<div class=\"elementor-widget-container\">\n\t\t\t\t\t\t\t\t\t\t\t\t\t<img fetchpriority=\"high\" decoding=\"async\" width=\"697\" height=\"641\" src=\"https:\/\/floradearaujo.org.br\/wp-content\/uploads\/2023\/11\/flora-de-araujo-outra-foto-Colorized.jpg\" class=\"attachment-large size-large wp-image-158\" alt=\"\" srcset=\"https:\/\/floradearaujo.org.br\/wp-content\/uploads\/2023\/11\/flora-de-araujo-outra-foto-Colorized.jpg 697w, https:\/\/floradearaujo.org.br\/wp-content\/uploads\/2023\/11\/flora-de-araujo-outra-foto-Colorized-600x552.jpg 600w, https:\/\/floradearaujo.org.br\/wp-content\/uploads\/2023\/11\/flora-de-araujo-outra-foto-Colorized-300x276.jpg 300w\" sizes=\"(max-width: 697px) 100vw, 697px\" \/>\t\t\t\t\t\t\t\t\t\t\t\t\t<\/div>\n\t\t\t\t<\/div>\n\t\t\t\t<div class=\"elementor-element elementor-element-f80cb0a exad-sticky-section-no exad-glass-effect-no elementor-widget elementor-widget-text-editor\" data-id=\"f80cb0a\" data-element_type=\"widget\" data-widget_type=\"text-editor.default\">\n\t\t\t\t<div class=\"elementor-widget-container\">\n\t\t\t\t\t\t\t<p>\u00a0 \u00a0 \u00a0 O Centro Esp\u00edrita Flora de Ara\u00fajo nasceu de uma mensagem psicof\u00f4nica, em reuni\u00e3o medi\u00fanica na Uni\u00e3o Kardecista de Nil\u00f3polis, no ano de\u00a0<strong>1943<\/strong><\/p><p><strong><u>1\u00aa Mensagem<\/u>:<\/strong>\u00a0Assim disse o Irm\u00e3o mensageiro: \u201cIrm\u00e3o Ara\u00fajo e companheiros que ter\u00e3o, junto com voc\u00ea, a miss\u00e3o de fundar uma Casa Esp\u00edrita na vizinha cidade de Resende, para onde ir\u00e1 a \u201cnossa\u201d Academia Militar. Esta Casa Esp\u00edrita se chamar\u00e1\u00a0<strong>\u201cCentro Esp\u00edrita Flora de Ara\u00fajo<\/strong>\u201d. Quanto a quem foi a pessoa de Flora de Ara\u00fajo outro Irm\u00e3o que tamb\u00e9m faz parte da Grande Equipe na organiza\u00e7\u00e3o deste novo Centro oportunamente vir\u00e1 lhe dizer. Paz a todos!\u201d<\/p>\t\t\t\t\t\t<\/div>\n\t\t\t\t<\/div>\n\t\t\t\t\t<\/div>\n\t\t\t\t<\/div>\n\t\t<div class=\"elementor-element elementor-element-8a311e9 e-flex e-con-boxed e-con e-parent\" data-id=\"8a311e9\" data-element_type=\"container\">\n\t\t\t\t\t<div class=\"e-con-inner\">\n\t\t\t\t<div class=\"elementor-element elementor-element-48e34f5 exad-sticky-section-no exad-glass-effect-no elementor-widget elementor-widget-text-editor\" data-id=\"48e34f5\" data-element_type=\"widget\" data-widget_type=\"text-editor.default\">\n\t\t\t\t<div class=\"elementor-widget-container\">\n\t\t\t\t\t\t\t<p><strong><u>2\u00aa Mensagem<\/u>:<\/strong>\u00a0Dias depois, houve a mensagem psicografada. \u201cMeu Irm\u00e3o Ara\u00fajo, paz e luz! Como voc\u00ea perguntou, informamos quem foi Flora de Ara\u00fajo. Nossa irm\u00e3 nasceu na cidade de Olinda, Pernambuco. Foi para o Rio de Janeiro. N\u00e3o teve filhos e ela e o marido decidiram adotar muitas crian\u00e7as. Logo seu lar se formou com muitas crian\u00e7as, que cuidava como verdadeiros filhos. Nossa irm\u00e3 ficou vi\u00fava, mas continuou a adotar crian\u00e7as, formando o \u201cLar da Crian\u00e7a\u201d, onde os maiores j\u00e1 passaram a ajud\u00e1-la na educa\u00e7\u00e3o dos menores. Desencarnou em 24 de outubro de 1934\u2033<\/p>\t\t\t\t\t\t<\/div>\n\t\t\t\t<\/div>\n\t\t\t\t<div class=\"elementor-element elementor-element-4c4d11e exad-sticky-section-no exad-glass-effect-no elementor-widget elementor-widget-heading\" data-id=\"4c4d11e\" data-element_type=\"widget\" data-widget_type=\"heading.default\">\n\t\t\t\t<div class=\"elementor-widget-container\">\n\t\t\t<h2 class=\"elementor-heading-title elementor-size-default\">Transcri\u00e7\u00e3o de uma comunica\u00e7\u00e3o de Flora de Ara\u00fajo<\/h2>\t\t<\/div>\n\t\t\t\t<\/div>\n\t\t\t\t<div class=\"elementor-element elementor-element-841e650 exad-sticky-section-no exad-glass-effect-no elementor-widget elementor-widget-image\" data-id=\"841e650\" data-element_type=\"widget\" data-widget_type=\"image.default\">\n\t\t\t\t<div class=\"elementor-widget-container\">\n\t\t\t\t\t\t\t\t\t\t\t\t\t<img decoding=\"async\" width=\"930\" height=\"1024\" src=\"https:\/\/floradearaujo.org.br\/wp-content\/uploads\/2023\/11\/mensagem-de-Flora-930x1024.jpg\" class=\"attachment-large size-large wp-image-142\" alt=\"\" srcset=\"https:\/\/floradearaujo.org.br\/wp-content\/uploads\/2023\/11\/mensagem-de-Flora-930x1024.jpg 930w, https:\/\/floradearaujo.org.br\/wp-content\/uploads\/2023\/11\/mensagem-de-Flora-600x660.jpg 600w, https:\/\/floradearaujo.org.br\/wp-content\/uploads\/2023\/11\/mensagem-de-Flora-273x300.jpg 273w, https:\/\/floradearaujo.org.br\/wp-content\/uploads\/2023\/11\/mensagem-de-Flora-768x845.jpg 768w, https:\/\/floradearaujo.org.br\/wp-content\/uploads\/2023\/11\/mensagem-de-Flora.jpg 1022w\" sizes=\"(max-width: 930px) 100vw, 930px\" \/>\t\t\t\t\t\t\t\t\t\t\t\t\t<\/div>\n\t\t\t\t<\/div>\n\t\t\t\t\t<\/div>\n\t\t\t\t<\/div>\n\t\t<div class=\"elementor-element elementor-element-c92f3c7 e-flex e-con-boxed e-con e-parent\" data-id=\"c92f3c7\" data-element_type=\"container\">\n\t\t\t\t\t<div class=\"e-con-inner\">\n\t\t\t\t<div class=\"elementor-element elementor-element-cd14965 elementor-widget__width-initial elementor-widget-mobile__width-initial exad-sticky-section-no exad-glass-effect-no elementor-widget elementor-widget-text-editor\" data-id=\"cd14965\" data-element_type=\"widget\" data-widget_type=\"text-editor.default\">\n\t\t\t\t<div class=\"elementor-widget-container\">\n\t\t\t\t\t\t\t<p><span class=\"yt-core-attributed-string--link-inherit-color\"><strong>Can\u00e7\u00e3o:<\/strong> FLORA<\/span><span class=\"yt-core-attributed-string--link-inherit-color\">\u00a0<\/span><\/p><p><span class=\"yt-core-attributed-string--link-inherit-color\"><strong>Compositor:<\/strong> Jos\u00e9 Carlos Freixo\u00a0<\/span><\/p><p><span class=\"yt-core-attributed-string--link-inherit-color\">ESTRADA ESCURA,<br \/><\/span><span class=\"yt-core-attributed-string--link-inherit-color\">NO MEU DESTINO, <br \/>EU PERGUNTAVA QUAL ERA O FIM, <br \/>DE ONDE VIRIA <br \/>A CLARIDADE <br \/>ENT\u00c3O UM ANJO DISSE P\u2019RA MIM: <br \/><br \/>\u201cDO EVANGELHO DE JESUS! <br \/>\u201cDO EVANGELHO DE JESUS!\u201d <br \/><br \/>FLORA, FLORA <br \/>MEU CORA\u00c7\u00c3O <br \/>NO AMOR QUE ENFLORA <br \/>A REDEN\u00c7\u00c3O! <br \/>CA\u00cdA A TARDE, OUVI CRIAN\u00c7AS, <br \/>CANTAVAM JUNTAS <br \/>UMA CAN\u00c7\u00c3O: <br \/>\u201cO LAR NA TERRA \u00c9 DOCE NINHO, <br \/>AQUI SE APRENDE <br \/>O AMOR CRIST\u00c3O. <br \/><br \/>DO EVANGELHO DE JESUS! <br \/>DO EVANGELHO DE JESUS! <br \/><br \/>FLORA, FLORA <br \/>MEU CORA\u00c7\u00c3O <br \/>NO AMOR <br \/>QUE ENFLORA <br \/>A REDEN\u00c7\u00c3O! <br \/><br \/>QUEM VIVE AQUI, <br \/>PLANTA SEMENTES <br \/>DO SENTIMENTO <br \/>QUE NOS CONDUZ <br \/>\u00c0S \u00c1GUAS PURAS <br \/>DO ENTENDIMENTO, <br \/>FAROL DIVINO <br \/>DE TODA A LUZ. <br \/><br \/>DO EVANGELHO DE JESUS! <br \/>DO EVANGELHO DE JESUS! <br \/><br \/>FLORA, FLORA <br \/>MEU CORA\u00c7\u00c3O <br \/>NO AMOR <br \/>QUE ENFLORA <br \/>A REDEN\u00c7\u00c3O!<\/span><\/p>\t\t\t\t\t\t<\/div>\n\t\t\t\t<\/div>\n\t\t<div class=\"elementor-element elementor-element-d6cdf01 e-flex e-con-boxed e-con e-child\" data-id=\"d6cdf01\" data-element_type=\"container\">\n\t\t\t\t\t<div class=\"e-con-inner\">\n\t\t\t\t<div class=\"elementor-element elementor-element-bc181fe exad-sticky-section-no exad-glass-effect-no elementor-widget elementor-widget-video\" data-id=\"bc181fe\" data-element_type=\"widget\" data-settings=\"{&quot;youtube_url&quot;:&quot;https:\\\/\\\/www.youtube.com\\\/watch?v=HMr2CNJL6w8&quot;,&quot;video_type&quot;:&quot;youtube&quot;,&quot;controls&quot;:&quot;yes&quot;}\" data-widget_type=\"video.default\">\n\t\t\t\t<div class=\"elementor-widget-container\">\n\t\t\t\t\t<div class=\"elementor-wrapper elementor-open-inline\">\n\t\t\t<div class=\"elementor-video\"><\/div>\t\t<\/div>\n\t\t\t\t<\/div>\n\t\t\t\t<\/div>\n\t\t\t\t\t<\/div>\n\t\t\t\t<\/div>\n\t\t\t\t\t<\/div>\n\t\t\t\t<\/div>\n\t\t<div class=\"elementor-element elementor-element-4a25ba0 e-flex e-con-boxed e-con e-parent\" data-id=\"4a25ba0\" data-element_type=\"container\">\n\t\t\t\t\t<div class=\"e-con-inner\">\n\t\t\t\t<div class=\"elementor-element elementor-element-58a6613 exad-sticky-section-no exad-glass-effect-no elementor-widget elementor-widget-html\" data-id=\"58a6613\" data-element_type=\"widget\" data-widget_type=\"html.default\">\n\t\t\t\t<div class=\"elementor-widget-container\">\n\t\t\t<audio autoplay>\n  <source src=\"http:\/\/floradearaujo.org.br\/wp-content\/uploads\/2023\/11\/musica-de-flora.mp3\">\n  Your browser does not support the audio tag.\n<\/audio>\t\t<\/div>\n\t\t\t\t<\/div>\n\t\t\t\t\t<\/div>\n\t\t\t\t<\/div>\n\t\t\t\t<\/div>\n\t\t","protected":false},"excerpt":{"rendered":"<p>\u00a0 \u00a0 \u00a0 O Centro Esp\u00edrita Flora de Ara\u00fajo nasceu de uma mensagem psicof\u00f4nica, em reuni\u00e3o medi\u00fanica na Uni\u00e3o Kardecista de Nil\u00f3polis, no ano de\u00a01943 1\u00aa Mensagem:\u00a0Assim disse o Irm\u00e3o mensageiro: \u201cIrm\u00e3o Ara\u00fajo e companheiros que ter\u00e3o, junto com voc\u00ea, a miss\u00e3o de fundar uma Casa Esp\u00edrita na vizinha cidade de Resende, para onde ir\u00e1&hellip;<\/p>\n","protected":false},"author":1,"featured_media":0,"parent":0,"menu_order":0,"comment_status":"closed","ping_status":"closed","template":"","meta":{"footnotes":""},"class_list":["post-31","page","type-page","status-publish","hentry"],"_links":{"self":[{"href":"https:\/\/floradearaujo.org.br\/index.php?rest_route=\/wp\/v2\/pages\/31","targetHints":{"allow":["GET"]}}],"collection":[{"href":"https:\/\/floradearaujo.org.br\/index.php?rest_route=\/wp\/v2\/pages"}],"about":[{"href":"https:\/\/floradearaujo.org.br\/index.php?rest_route=\/wp\/v2\/types\/page"}],"author":[{"embeddable":true,"href":"https:\/\/floradearaujo.org.br\/index.php?rest_route=\/wp\/v2\/users\/1"}],"replies":[{"embeddable":true,"href":"https:\/\/floradearaujo.org.br\/index.php?rest_route=%2Fwp%2Fv2%2Fcomments&post=31"}],"version-history":[{"count":0,"href":"https:\/\/floradearaujo.org.br\/index.php?rest_route=\/wp\/v2\/pages\/31\/revisions"}],"wp:attachment":[{"href":"https:\/\/floradearaujo.org.br\/index.php?rest_route=%2Fwp%2Fv2%2Fmedia&parent=31"}],"curies":[{"name":"wp","href":"https:\/\/api.w.org\/{rel}","templated":true}]}}