{"id":35,"date":"2023-11-19T21:26:30","date_gmt":"2023-11-20T00:26:30","guid":{"rendered":"http:\/\/floradearaujo.org.br?page_id=35"},"modified":"2024-01-30T19:48:33","modified_gmt":"2024-01-30T22:48:33","slug":"servicos","status":"publish","type":"page","link":"https:\/\/floradearaujo.org.br\/?page_id=35","title":{"rendered":"Servi\u00e7os"},"content":{"rendered":"\t\t<div data-elementor-type=\"wp-page\" data-elementor-id=\"35\" class=\"elementor elementor-35\">\n\t\t\t\t<div class=\"elementor-element elementor-element-b2d9232 e-flex e-con-boxed e-con e-parent\" data-id=\"b2d9232\" data-element_type=\"container\">\n\t\t\t\t\t<div class=\"e-con-inner\">\n\t\t\t\t<div class=\"elementor-element elementor-element-3594686 exad-sticky-section-no exad-glass-effect-no elementor-widget elementor-widget-heading\" data-id=\"3594686\" data-element_type=\"widget\" data-widget_type=\"heading.default\">\n\t\t\t\t<div class=\"elementor-widget-container\">\n\t\t\t<h2 class=\"elementor-heading-title elementor-size-default\">Estudo Doutrin\u00e1rio<\/h2>\t\t<\/div>\n\t\t\t\t<\/div>\n\t\t\t\t\t<\/div>\n\t\t\t\t<\/div>\n\t\t<div class=\"elementor-element elementor-element-2c91520 e-flex e-con-boxed e-con e-parent\" data-id=\"2c91520\" data-element_type=\"container\">\n\t\t\t\t\t<div class=\"e-con-inner\">\n\t\t\t\t<div class=\"elementor-element elementor-element-0d27f30 elementor-widget__width-initial elementor-widget-tablet__width-initial exad-sticky-section-no exad-glass-effect-no elementor-widget elementor-widget-image\" data-id=\"0d27f30\" data-element_type=\"widget\" data-widget_type=\"image.default\">\n\t\t\t\t<div class=\"elementor-widget-container\">\n\t\t\t\t\t\t\t\t\t\t\t\t\t<img fetchpriority=\"high\" decoding=\"async\" width=\"460\" height=\"626\" src=\"https:\/\/floradearaujo.org.br\/wp-content\/uploads\/2023\/11\/estudo-doutrinario.webp\" class=\"attachment-medium_large size-medium_large wp-image-1036\" alt=\"\" srcset=\"https:\/\/floradearaujo.org.br\/wp-content\/uploads\/2023\/11\/estudo-doutrinario.webp 460w, https:\/\/floradearaujo.org.br\/wp-content\/uploads\/2023\/11\/estudo-doutrinario-220x300.webp 220w\" sizes=\"(max-width: 460px) 100vw, 460px\" \/>\t\t\t\t\t\t\t\t\t\t\t\t\t<\/div>\n\t\t\t\t<\/div>\n\t\t\t\t<div class=\"elementor-element elementor-element-602a869 exad-sticky-section-no exad-glass-effect-no elementor-widget elementor-widget-text-editor\" data-id=\"602a869\" data-element_type=\"widget\" data-widget_type=\"text-editor.default\">\n\t\t\t\t<div class=\"elementor-widget-container\">\n\t\t\t\t\t\t\t<p><span style=\"color: #000000;\">\u00a0 \u00a0 \u00a0 O Centro Esp\u00edrita Flora de Ara\u00fajo realiza todas as segundas-feiras, \u00e0s 19:00 h, o estudo da Doutrina Esp\u00edrita, com os seguintes grupos de estudo: <\/span><\/p><ul><li><span style=\"color: #000000;\"><a href=\"https:\/\/floradearaujo.org.br\/?page_id=39\">Estudo Sistematizado da Doutrina Esp\u00edrita<\/a><\/span><\/li><li><a href=\"https:\/\/floradearaujo.org.br\/?page_id=43\">Estudo Aprofundado da Doutrina Esp\u00edrita<\/a><\/li><li><a href=\"https:\/\/floradearaujo.org.br\/?page_id=45\">Estudo do Evangelho Segundo o Espiritismo<\/a><\/li><\/ul>\t\t\t\t\t\t<\/div>\n\t\t\t\t<\/div>\n\t\t\t\t\t<\/div>\n\t\t\t\t<\/div>\n\t\t<div class=\"elementor-element elementor-element-2c0b80b e-flex e-con-boxed e-con e-parent\" data-id=\"2c0b80b\" data-element_type=\"container\">\n\t\t\t\t\t<div class=\"e-con-inner\">\n\t\t\t\t<div class=\"elementor-element elementor-element-982a77b exad-sticky-section-no exad-glass-effect-no elementor-widget elementor-widget-heading\" data-id=\"982a77b\" data-element_type=\"widget\" data-widget_type=\"heading.default\">\n\t\t\t\t<div class=\"elementor-widget-container\">\n\t\t\t<h2 class=\"elementor-heading-title elementor-size-default\">Evangeliza\u00e7\u00e3o<\/h2>\t\t<\/div>\n\t\t\t\t<\/div>\n\t\t\t\t\t<\/div>\n\t\t\t\t<\/div>\n\t\t<div class=\"elementor-element elementor-element-2dcc501 e-flex e-con-boxed e-con e-parent\" data-id=\"2dcc501\" data-element_type=\"container\">\n\t\t\t\t\t<div class=\"e-con-inner\">\n\t\t\t\t<div class=\"elementor-element elementor-element-65f65d7 elementor-widget__width-initial exad-sticky-section-no exad-glass-effect-no elementor-widget elementor-widget-image\" data-id=\"65f65d7\" data-element_type=\"widget\" data-widget_type=\"image.default\">\n\t\t\t\t<div class=\"elementor-widget-container\">\n\t\t\t\t\t\t\t\t\t\t\t\t\t<img decoding=\"async\" src=\"http:\/\/floradearaujo.org.br\/wp-content\/uploads\/2023\/11\/evangelizacao-infantojuvenil-e-da-juventude.jpg\" title=\"\" alt=\"\" loading=\"lazy\" \/>\t\t\t\t\t\t\t\t\t\t\t\t\t<\/div>\n\t\t\t\t<\/div>\n\t\t\t\t<div class=\"elementor-element elementor-element-12d81e8 exad-sticky-section-no exad-glass-effect-no elementor-widget elementor-widget-text-editor\" data-id=\"12d81e8\" data-element_type=\"widget\" data-widget_type=\"text-editor.default\">\n\t\t\t\t<div class=\"elementor-widget-container\">\n\t\t\t\t\t\t\t<p>\u00a0 \u00a0 \u00a0 A Evangeliza\u00e7\u00e3o Infantojuvenil e da mocidade \u00e9 realizada aos s\u00e1bados, nos seguintes hor\u00e1rios:<\/p><ul><li><a href=\"https:\/\/floradearaujo.org.br\/?page_id=49\">Evangeliza\u00e7\u00e3o Infatojuvenil<\/a> 14:30 &#8211; 16:00 (3 a 12 anos)<\/li><li><a href=\"https:\/\/floradearaujo.org.br\/?page_id=51\">Mocidade<\/a> 16:30 &#8211; 17:30 (13 a 23 anos)<\/li><\/ul>\t\t\t\t\t\t<\/div>\n\t\t\t\t<\/div>\n\t\t\t\t\t<\/div>\n\t\t\t\t<\/div>\n\t\t\t\t<\/div>\n\t\t","protected":false},"excerpt":{"rendered":"<p>Estudo Doutrin\u00e1rio \u00a0 \u00a0 \u00a0 O Centro Esp\u00edrita Flora de Ara\u00fajo realiza todas as segundas-feiras, \u00e0s 19:00 h, o estudo da Doutrina Esp\u00edrita, com os seguintes grupos de estudo: Estudo Sistematizado da Doutrina Esp\u00edrita Estudo Aprofundado da Doutrina Esp\u00edrita Estudo do Evangelho Segundo o Espiritismo Evangeliza\u00e7\u00e3o \u00a0 \u00a0 \u00a0 A Evangeliza\u00e7\u00e3o Infantojuvenil e da mocidade&hellip;<\/p>\n","protected":false},"author":1,"featured_media":0,"parent":0,"menu_order":0,"comment_status":"closed","ping_status":"closed","template":"","meta":{"footnotes":""},"class_list":["post-35","page","type-page","status-publish","hentry"],"_links":{"self":[{"href":"https:\/\/floradearaujo.org.br\/index.php?rest_route=\/wp\/v2\/pages\/35","targetHints":{"allow":["GET"]}}],"collection":[{"href":"https:\/\/floradearaujo.org.br\/index.php?rest_route=\/wp\/v2\/pages"}],"about":[{"href":"https:\/\/floradearaujo.org.br\/index.php?rest_route=\/wp\/v2\/types\/page"}],"author":[{"embeddable":true,"href":"https:\/\/floradearaujo.org.br\/index.php?rest_route=\/wp\/v2\/users\/1"}],"replies":[{"embeddable":true,"href":"https:\/\/floradearaujo.org.br\/index.php?rest_route=%2Fwp%2Fv2%2Fcomments&post=35"}],"version-history":[{"count":0,"href":"https:\/\/floradearaujo.org.br\/index.php?rest_route=\/wp\/v2\/pages\/35\/revisions"}],"wp:attachment":[{"href":"https:\/\/floradearaujo.org.br\/index.php?rest_route=%2Fwp%2Fv2%2Fmedia&parent=35"}],"curies":[{"name":"wp","href":"https:\/\/api.w.org\/{rel}","templated":true}]}}