{"id":37,"date":"2023-11-19T21:27:00","date_gmt":"2023-11-20T00:27:00","guid":{"rendered":"http:\/\/floradearaujo.org.br?page_id=37"},"modified":"2024-08-03T19:43:17","modified_gmt":"2024-08-03T22:43:17","slug":"estudo-doutrinario","status":"publish","type":"page","link":"https:\/\/floradearaujo.org.br\/?page_id=37","title":{"rendered":"Estudo doutrin\u00e1rio"},"content":{"rendered":"\t\t<div data-elementor-type=\"wp-page\" data-elementor-id=\"37\" class=\"elementor elementor-37\">\n\t\t\t\t<div class=\"elementor-element elementor-element-20361ef e-flex e-con-boxed e-con e-parent\" data-id=\"20361ef\" data-element_type=\"container\">\n\t\t\t\t\t<div class=\"e-con-inner\">\n\t\t\t\t<div class=\"elementor-element elementor-element-c55d36a exad-sticky-section-no exad-glass-effect-no elementor-widget elementor-widget-image\" data-id=\"c55d36a\" data-element_type=\"widget\" data-widget_type=\"image.default\">\n\t\t\t\t<div class=\"elementor-widget-container\">\n\t\t\t\t\t\t\t\t\t\t\t\t\t<img fetchpriority=\"high\" decoding=\"async\" width=\"460\" height=\"626\" src=\"https:\/\/floradearaujo.org.br\/wp-content\/uploads\/2023\/11\/estudo-doutrinario.webp\" class=\"attachment-large size-large wp-image-1036\" alt=\"\" srcset=\"https:\/\/floradearaujo.org.br\/wp-content\/uploads\/2023\/11\/estudo-doutrinario.webp 460w, https:\/\/floradearaujo.org.br\/wp-content\/uploads\/2023\/11\/estudo-doutrinario-220x300.webp 220w\" sizes=\"(max-width: 460px) 100vw, 460px\" \/>\t\t\t\t\t\t\t\t\t\t\t\t\t<\/div>\n\t\t\t\t<\/div>\n\t\t\t\t<div class=\"elementor-element elementor-element-173ba48 exad-sticky-section-no exad-glass-effect-no elementor-widget elementor-widget-text-editor\" data-id=\"173ba48\" data-element_type=\"widget\" data-widget_type=\"text-editor.default\">\n\t\t\t\t<div class=\"elementor-widget-container\">\n\t\t\t\t\t\t\t<p><span style=\"color: #000000;\">\u00a0 \u00a0 \u00a0 O Centro Esp\u00edrita Flora de Ara\u00fajo realiza todas as segundas-feiras, \u00e0s 19:00 h, o estudo da Doutrina Esp\u00edrita, com os seguintes grupos de estudo: <\/span><\/p><ul><li><span style=\"color: #000000;\"><a href=\"https:\/\/floradearaujo.org.br\/?page_id=39\">Estudo Sistematizado da Doutrina Esp\u00edrita<\/a><\/span><\/li><li><a href=\"https:\/\/floradearaujo.org.br\/?page_id=43\">Estudo Aprofundado da Doutrina Esp\u00edrita<\/a><\/li><li><a href=\"https:\/\/floradearaujo.org.br\/?page_id=45\">Estudo do Evangelho Segundo o Espiritismo<\/a><\/li><\/ul>\t\t\t\t\t\t<\/div>\n\t\t\t\t<\/div>\n\t\t\t\t\t<\/div>\n\t\t\t\t<\/div>\n\t\t\t\t<\/div>\n\t\t","protected":false},"excerpt":{"rendered":"<p>\u00a0 \u00a0 \u00a0 O Centro Esp\u00edrita Flora de Ara\u00fajo realiza todas as segundas-feiras, \u00e0s 19:00 h, o estudo da Doutrina Esp\u00edrita, com os seguintes grupos de estudo: Estudo Sistematizado da Doutrina Esp\u00edrita Estudo Aprofundado da Doutrina Esp\u00edrita Estudo do Evangelho Segundo o Espiritismo<\/p>\n","protected":false},"author":1,"featured_media":0,"parent":0,"menu_order":0,"comment_status":"closed","ping_status":"closed","template":"","meta":{"footnotes":""},"class_list":["post-37","page","type-page","status-publish","hentry"],"_links":{"self":[{"href":"https:\/\/floradearaujo.org.br\/index.php?rest_route=\/wp\/v2\/pages\/37","targetHints":{"allow":["GET"]}}],"collection":[{"href":"https:\/\/floradearaujo.org.br\/index.php?rest_route=\/wp\/v2\/pages"}],"about":[{"href":"https:\/\/floradearaujo.org.br\/index.php?rest_route=\/wp\/v2\/types\/page"}],"author":[{"embeddable":true,"href":"https:\/\/floradearaujo.org.br\/index.php?rest_route=\/wp\/v2\/users\/1"}],"replies":[{"embeddable":true,"href":"https:\/\/floradearaujo.org.br\/index.php?rest_route=%2Fwp%2Fv2%2Fcomments&post=37"}],"version-history":[{"count":0,"href":"https:\/\/floradearaujo.org.br\/index.php?rest_route=\/wp\/v2\/pages\/37\/revisions"}],"wp:attachment":[{"href":"https:\/\/floradearaujo.org.br\/index.php?rest_route=%2Fwp%2Fv2%2Fmedia&parent=37"}],"curies":[{"name":"wp","href":"https:\/\/api.w.org\/{rel}","templated":true}]}}