{"id":45,"date":"2023-11-19T21:40:32","date_gmt":"2023-11-20T00:40:32","guid":{"rendered":"http:\/\/floradearaujo.org.br?page_id=45"},"modified":"2024-01-29T00:57:05","modified_gmt":"2024-01-29T03:57:05","slug":"estudo-do-evangelho-segundo-o-espiritismo","status":"publish","type":"page","link":"https:\/\/floradearaujo.org.br\/?page_id=45","title":{"rendered":"Estudo do Evangelho Segundo o Espiritismo"},"content":{"rendered":"\t\t<div data-elementor-type=\"wp-page\" data-elementor-id=\"45\" class=\"elementor elementor-45\">\n\t\t\t\t<div class=\"elementor-element elementor-element-65849cb e-flex e-con-boxed e-con e-parent\" data-id=\"65849cb\" data-element_type=\"container\">\n\t\t\t\t\t<div class=\"e-con-inner\">\n\t\t\t\t<div class=\"elementor-element elementor-element-5dff974 exad-sticky-section-no exad-glass-effect-no elementor-widget elementor-widget-text-editor\" data-id=\"5dff974\" data-element_type=\"widget\" data-widget_type=\"text-editor.default\">\n\t\t\t\t<div class=\"elementor-widget-container\">\n\t\t\t\t\t\t\t<p><a href=\"#calendario\"><strong>CALEND\u00c1RIO 2024<\/strong><\/a><\/p>\t\t\t\t\t\t<\/div>\n\t\t\t\t<\/div>\n\t\t\t\t<div class=\"elementor-element elementor-element-b0f0efa exad-sticky-section-no exad-glass-effect-no elementor-widget elementor-widget-image\" data-id=\"b0f0efa\" data-element_type=\"widget\" data-widget_type=\"image.default\">\n\t\t\t\t<div class=\"elementor-widget-container\">\n\t\t\t\t\t\t\t\t\t\t\t\t\t<img fetchpriority=\"high\" decoding=\"async\" width=\"297\" height=\"425\" src=\"https:\/\/floradearaujo.org.br\/wp-content\/uploads\/2023\/11\/roteiro-sistematizado-do-ESE.jpg\" class=\"attachment-large size-large wp-image-641\" alt=\"\" srcset=\"https:\/\/floradearaujo.org.br\/wp-content\/uploads\/2023\/11\/roteiro-sistematizado-do-ESE.jpg 297w, https:\/\/floradearaujo.org.br\/wp-content\/uploads\/2023\/11\/roteiro-sistematizado-do-ESE-210x300.jpg 210w\" sizes=\"(max-width: 297px) 100vw, 297px\" \/>\t\t\t\t\t\t\t\t\t\t\t\t\t<\/div>\n\t\t\t\t<\/div>\n\t\t\t\t<div class=\"elementor-element elementor-element-a20a069 exad-sticky-section-no exad-glass-effect-no elementor-widget elementor-widget-text-editor\" data-id=\"a20a069\" data-element_type=\"widget\" data-widget_type=\"text-editor.default\">\n\t\t\t\t<div class=\"elementor-widget-container\">\n\t\t\t\t\t\t\t<h2><strong>CONTE\u00daDO PROGRAM\u00c1TICO<\/strong><\/h2><p><strong>APRESENTA\u00c7\u00c3O<\/strong><br \/><strong>MEU REINO N\u00c3O \u00c9 DESTE MUNDO<\/strong><br \/>Roteiro 1 &#8211; Meu reino n\u00e3o \u00e9 deste mundo <br \/>Roteiro 2 &#8211; O ponto de vista<br \/><strong>H\u00c1 MUITAS MORADAS NA CASA DE MEU PAI<\/strong><br \/>Roteiro 3 &#8211; H\u00e1 muitas moradas na casa de meu Pai<br \/>Roteiro 4 &#8211; Destina\u00e7\u00e3o da terra &#8211; Causas das mis\u00e9rias humanas<br \/><strong>NINGU\u00c9M PODER\u00c1 VER O REINO DE DEUS SE N\u00c3O NASCER DE NOVO<\/strong><br \/>Roteiro 5 &#8211; Ningu\u00e9m poder\u00e1 ver o Reino de Deus se n\u00e3o nascer de novo<br \/>Roteiro 6 &#8211; A Reencarna\u00e7\u00e3o<br \/>Roteiro 7 &#8211; A Reencarna\u00e7\u00e3o<br \/>Roteiro 8 &#8211; A Reencarna\u00e7\u00e3o e os la\u00e7os de fam\u00edlia<br \/>Roteiro 9 &#8211; A Reencarna\u00e7\u00e3o e os la\u00e7os de fam\u00edlia<br \/><strong>BEM-AVENTURADOS OS AFLITOS<\/strong><br \/>Roteiro 10 &#8211; Justi\u00e7a das afli\u00e7\u00f5es<br \/>Roteiro 11 &#8211; Causas atuais das afli\u00e7\u00f5es<br \/>Roteiro 12 &#8211; Causas anteriores das afli\u00e7\u00f5es<br \/>Roteiro 13 &#8211; Esquecimento do passado<br \/>Roteiro 14 &#8211; Motivos de resigna\u00e7\u00e3o<br \/>Roteiro 15 &#8211; O suic\u00eddio e a loucura<br \/>Roteiro 16 &#8211; O mal e o rem\u00e9dio<br \/>Roteiro 17 &#8211; A felicidade n\u00e3o \u00e9 deste mundo<br \/>Roteiro 18 &#8211; Perda de pessoas amadas &#8211; mortes prematuras<br \/>Roteiro 19 &#8211; Se fosse um homem de bem n\u00e3o teria morrido<br \/>Roteiro 20 &#8211; Os tormentos volunt\u00e1rios<br \/>Roteiro 21 &#8211; A desgra\u00e7a real<br \/>Roteiro 22 &#8211; A melancolia<br \/>Roteiro 23 &#8211; Provas volunt\u00e1rias &#8211; o veradeiro cil\u00edcio<br \/>Roteiro 24 &#8211; Deve-se-a por termo as provas do pr\u00f3ximo?<br \/>Roteiro 25 &#8211; Ser\u00e1 l\u00edcito abreviar a vida de um doente que sofra sem esperan\u00e7a de cura?<br \/>Roteiro 26 &#8211; Sacrif\u00edcio da pr\u00f3pria vida. Proveito dos sofrimentos para outrem<br \/><strong>O CRISTO CONSOLADOR<\/strong><br \/>Roteiro 27 &#8211; O julgo leve<br \/><strong>BEM-AVENTURADOS OS POBRES DE ESP\u00cdRITO<\/strong><br \/>Roteiro 28 &#8211; O que se deve entender por pobre de esp\u00edrito<br \/>Roteiro 29 &#8211; Aquele que se eleva ser\u00e1 rebaixado<br \/>Roteiro 30 &#8211; O orgulho e a humildade<br \/>Roteiro 31 &#8211; O orgulho e a humildade<br \/>Roteiro 32 &#8211; Miss\u00e3o do homem inteligente na terra<br \/><strong>BEM-AVENTURADOS OS QUE TEM PURO O CORA\u00c7\u00c3O<\/strong><br \/>Roteiro 33 &#8211; Simplicidade e pureza de cora\u00e7\u00e3o<br \/>Roteiro 34 &#8211; Pecado por pensamento &#8211; adult\u00e9rio<br \/>Roteiro 35 &#8211; Veradadeira pureza &#8211; m\u00e3os lavadas<br \/>Roteiro 36 &#8211; Esc\u00e2ndalos<br \/>Roteiro 37 &#8211; Esc\u00e2ndalos<br \/>Roteiro 38 &#8211; Deixai que venham a mim as criancinhas<br \/><strong>BEM-AVENTURADOS OS QUE S\u00c3O BRANDOS E PAC\u00cdFICOS<\/strong><br \/>Roteiro 39 &#8211; Inj\u00farias e viol\u00eancias<br \/>Roteiro 40 &#8211; A afabilidade e do\u00e7ura<br \/>Roteiro 41 &#8211; A paci\u00eancia<br \/>Roteiro 42 &#8211; Obedi\u00eancia e resigna\u00e7\u00e3o<br \/>Roteiro 43 &#8211; A c\u00f3lera<br \/>Roteiro 44 &#8211; A c\u00f3lera<br \/><strong>BEM-AVENTURADOS OS QUE S\u00c3O MISERICORDIOSOS<\/strong><br \/>Roteiro 45 &#8211; Perdoai, para que Deus vos perdoe<br \/>Roteiro 46 &#8211; Reconcilia\u00e7\u00e3o com os advers\u00e1rios<br \/>Roteiro 47 &#8211; O sacrif\u00edcio mais agrad\u00e1vel a Deus<br \/>Roteiro 48 &#8211; O argueiro e a trave no olho<br \/>Roteiro 49 &#8211; N\u00e3o julgueis, para n\u00e3o serdes julgados<br \/>Roteiro 50 &#8211; Perd\u00e3o das ofensas<br \/>Roteiro 51 &#8211; Perd\u00e3o das ofensas<br \/>Roteiro 52 &#8211; A indulg\u00eancia <br \/>Roteiro 53 &#8211; A indulg\u00eancia<br \/>Roteiro 54 &#8211; A indulg\u00eancia<br \/>Roteiro 55 &#8211; \u00c9 permitido repreender os outros, notar as imperfei\u00e7\u00f5es de outrem, divulgar o mal em outrem?<br \/><strong>AMAR AO PR\u00d3XIMO COM A SI MESMO<\/strong><br \/>Roteiro 56 &#8211; O Mandamento Maior<br \/>Roteiro 57 &#8211; Dai a C\u00e9sar o que \u00e9 de C\u00e9sar<br \/>Roteiro 58 &#8211; A Lei do Amor<br \/>Roteiro 59 &#8211; A Lei do Amor<br \/>Roteiro 60 &#8211; A Lei do Amor<br \/>Roteiro 61 &#8211; O Ego\u00edsmo<br \/>Roteiro 62 &#8211; O Ego\u00edsmo<br \/>Roteiro 63 &#8211; A F\u00e9 a Caridade<br \/>Roteiro 64 &#8211; A Caridade para com os criminosos<br \/><strong>AMAI VOSSOS INIMIGOS<\/strong><br \/>Roteiro 65 &#8211; Retribuir o mal com o bem<br \/>Roteiro 66 &#8211; Os inimigos desencarnados<br \/>Roteiro 67 &#8211; Se algu\u00e9m te bater na face direita, apresentai-lhe tamb\u00e9m a outra<br \/>Roteiro 68 &#8211; A vingan\u00e7a<br \/>Roteiro 69 &#8211; O \u00f3dio<br \/><strong>N\u00c3O SAIBA VOSSA M\u00c3O ESQUERDA O QUE D\u00c1 VOSSA M\u00c3O DIREITA<\/strong><br \/>Roteiro 70 &#8211; Fazer o bem sem ostenta\u00e7\u00e3o<br \/>Roteiro 71 &#8211; Os infort\u00fanios ocultos<br \/>Roteiro 72 &#8211; O \u00f3bulo da vi\u00fava<br \/>Roteiro 73 &#8211; Convidar os pobres e os estropiados, dar sem esperar retribui\u00e7\u00e3o<br \/>Roteiro 74 &#8211; A Caridade material e a Caridade moral<br \/>Roteiro 75 &#8211; A Caridade material e a Caridade moral<br \/>Rolteiro 76 &#8211; A benefici\u00eancia<br \/>Rolteiro 77 &#8211; A benefici\u00eancia<br \/>Rolteiro 78 &#8211; A benefici\u00eancia<br \/>Roteiro 79 &#8211; A piedade<br \/>Roteiro 80 &#8211; Os \u00f3rf\u00e3os<br \/>Roteiro 81 &#8211; Benef\u00edcios pagos com ingratid\u00e3o<br \/>Roteiro 82 &#8211; Benefici\u00eancia exclusiva<br \/><strong>HONRAR A VOSSO PAI E A VOSSA M\u00c3E<\/strong><br \/>Roteiro 83 &#8211; A piedade filial<br \/>Roteiro 84 &#8211; A parentela corporal e a parentela espiritual<br \/>Roteiro 85 &#8211; A ingratid\u00e3o dos filhos e os la\u00e7os de fam\u00edlia<br \/><strong>FORA DA CARIDADE N\u00c3O H\u00c1 SALVA\u00c7\u00c3O<\/strong><br \/>Roteiro 86 &#8211; De que precisa o Esp\u00edrito para sser salvo<br \/>Roteiro 87 &#8211; A par\u00e1bola do bom samaritano<br \/>Roteiro 88 &#8211; O mandamento maior<br \/>Roteiro 89 &#8211; A necessidade da caridade segun do S\u00e3o Paulo<br \/>Roteiro 90 &#8211; Fora da caridade n\u00e3o h\u00e1 salva\u00e7\u00e3o<br \/><strong>N\u00c3O SE PODE SERVIR A DEUS E A MAMON<\/strong><br \/>Roteiro 91 &#8211; A salva\u00e7\u00e3o dos ricos<br \/>Roteiro 92 &#8211; Jesus em casa de Zaqueu<br \/>Roteiro 93 &#8211; Par\u00e1bola do mau rico<br \/>Roteiro 94 &#8211; Utilidade providencial da riqueza &#8211; provas da riqueza e da mis\u00e9ria<br \/>Roteiro 95 &#8211; Desigualdade das riquezas<br \/>Roteiro 96 &#8211; A verdadeira propriedade<br \/>Roteiro 97 &#8211; Emprego da riqueza<br \/>Roteiro 98 &#8211; Emprego da riqueza<br \/>Roteiro 99 &#8211; Desprendimento dos bens terrenos<br \/><strong>SEDE PERFEITOS<\/strong><br \/>Roteiro 100 &#8211; Caracteres da perfei\u00e7\u00e3o<br \/>Roteiro 101 &#8211; O homem de bem<br \/>Roteiro 102 &#8211; O dever <br \/>Roteiro 103 &#8211; A virtude<br \/>Roteiro 104 &#8211; Os superiores e os inferiores<br \/>Roteiro 105 &#8211; O homem no mundo<br \/>Roteiro 106 &#8211; Cuidar do corpo e do esp\u00edrito<br \/><strong>MUITOS S\u00c3O CHAMADOS, POUCOS OS ESCOLHIDOS<\/strong><br \/>Roteiro 107 &#8211; A porta estreita<br \/>Roteiro 108 &#8211; Nem todos os que dizem: Senhor, Senhor! entrar\u00e3o no Reino dos C\u00e9us<br \/>Roteiro 109 &#8211; Muito se pedir\u00e1 \u00e0quele que muito recebeu<br \/>Roteiro 110 &#8211; Pelas suas obras \u00e9 que se reconhece o Crist\u00e3o<br \/><strong>A F\u00c9 TRANSPORTA MONTANHAS<\/strong><br \/>Roteiro 111 &#8211; Poder da F\u00e9<br \/>Roteiro 112 &#8211; A F\u00e9: m\u00e3e da esperan\u00e7a e da caridade<br \/>Roteiro 113 &#8211; A F\u00e9 humana e a F\u00e9 Divina<br \/><strong>HAVER\u00c1 FALSOS CRISTOS E FALSOS PROFETAS<\/strong><br \/>Roteiro 114 &#8211; Conhece-se a \u00e1rvore pelo fruto<br \/><strong>N\u00c3O SEPARAREIS O QUE DEUS JUNTOU<\/strong><br \/>Roteiro 115 &#8211; Indissolubilidade do casamento<br \/><strong>N\u00c3O PONHAIS A CANDEIA DEBAIXO DO ALQUEIRE<\/strong><br \/>Roteiro 116 &#8211; A candeia debaixo do alqueire<br \/>Roteiro 117 &#8211; N\u00e3o s\u00e3o os que gozam de sa\u00fade que precisam de m\u00e9dico<br \/>Roteiro 118 &#8211; Coragem da F\u00e9<br \/>Roteiro 119 &#8211; Carregr a sua cruz. Quem quiser salvar a vida, perd\u00ea-la-\u00e1<br \/><strong>BUSCAI E ACHAREIS<\/strong><br \/>Roteiro 120 &#8211; Ajuda-te a ti mesmo, que o C\u00e9u te ajudar\u00e1<br \/>Roteiro 121 &#8211; Observai os p\u00e1ssaros do C\u00e9u<br \/>Roteiro 122 &#8211; Nos vos afadigueis pela posse do ouro<br \/><strong>PEDI E OBTEREIS<\/strong><br \/>Roteiro 123 &#8211; Qualidade da prece<br \/>Roteiro 124 &#8211; Efic\u00e1cia da prece<br \/>Roteiro 125 &#8211; A\u00e7\u00e3o da prece &#8211; transmiss\u00e3o do pensamento<br \/>Roteiro 126 &#8211; A\u00e7\u00e3o da prece &#8211; transmiss\u00e3o do pensamento<br \/>Roteiro 127 &#8211; Da prece pelos mortos e pelos esp\u00edritos sofredores<br \/>Roteiro 128 &#8211; Maneira de orar<\/p>\t\t\t\t\t\t<\/div>\n\t\t\t\t<\/div>\n\t\t\t\t\t<\/div>\n\t\t\t\t<\/div>\n\t\t<div class=\"elementor-element elementor-element-54e8ac4 e-flex e-con-boxed e-con e-parent\" data-id=\"54e8ac4\" data-element_type=\"container\">\n\t\t\t\t\t<div class=\"e-con-inner\">\n\t\t\t\t<div class=\"elementor-element elementor-element-7a69f8d exad-sticky-section-no exad-glass-effect-no elementor-widget elementor-widget-menu-anchor\" data-id=\"7a69f8d\" data-element_type=\"widget\" data-widget_type=\"menu-anchor.default\">\n\t\t\t\t<div class=\"elementor-widget-container\">\n\t\t\t\t\t<div class=\"elementor-menu-anchor\" id=\"calendario\"><\/div>\n\t\t\t\t<\/div>\n\t\t\t\t<\/div>\n\t\t\t\t\t<\/div>\n\t\t\t\t<\/div>\n\t\t<div class=\"elementor-element elementor-element-3fa7c77 e-flex e-con-boxed e-con e-parent\" data-id=\"3fa7c77\" data-element_type=\"container\">\n\t\t\t\t\t<div class=\"e-con-inner\">\n\t\t\t\t<div class=\"elementor-element elementor-element-5647336 exad-sticky-section-no exad-glass-effect-no elementor-widget elementor-widget-heading\" data-id=\"5647336\" data-element_type=\"widget\" data-widget_type=\"heading.default\">\n\t\t\t\t<div class=\"elementor-widget-container\">\n\t\t\t<h2 class=\"elementor-heading-title elementor-size-default\">CALEND\u00c1RIO 2024<\/h2>\t\t<\/div>\n\t\t\t\t<\/div>\n\t\t\t\t\t<\/div>\n\t\t\t\t<\/div>\n\t\t<div class=\"elementor-element elementor-element-56c7e7f e-flex e-con-boxed e-con e-parent\" data-id=\"56c7e7f\" data-element_type=\"container\">\n\t\t\t\t\t<div class=\"e-con-inner\">\n\t\t\t\t<div class=\"elementor-element elementor-element-3938388 exad-sticky-section-no exad-glass-effect-no elementor-widget elementor-widget-image\" data-id=\"3938388\" data-element_type=\"widget\" data-widget_type=\"image.default\">\n\t\t\t\t<div class=\"elementor-widget-container\">\n\t\t\t\t\t\t\t\t\t\t\t\t\t<img decoding=\"async\" width=\"670\" height=\"452\" src=\"https:\/\/floradearaujo.org.br\/wp-content\/uploads\/2024\/01\/calendaeio-3.jpg\" class=\"attachment-large size-large wp-image-1982\" alt=\"\" srcset=\"https:\/\/floradearaujo.org.br\/wp-content\/uploads\/2024\/01\/calendaeio-3.jpg 670w, https:\/\/floradearaujo.org.br\/wp-content\/uploads\/2024\/01\/calendaeio-3-600x405.jpg 600w, https:\/\/floradearaujo.org.br\/wp-content\/uploads\/2024\/01\/calendaeio-3-300x202.jpg 300w\" sizes=\"(max-width: 670px) 100vw, 670px\" \/>\t\t\t\t\t\t\t\t\t\t\t\t\t<\/div>\n\t\t\t\t<\/div>\n\t\t\t\t\t<\/div>\n\t\t\t\t<\/div>\n\t\t\t\t<\/div>\n\t\t","protected":false},"excerpt":{"rendered":"<p>CALEND\u00c1RIO 2024 CONTE\u00daDO PROGRAM\u00c1TICO APRESENTA\u00c7\u00c3OMEU REINO N\u00c3O \u00c9 DESTE MUNDORoteiro 1 &#8211; Meu reino n\u00e3o \u00e9 deste mundo Roteiro 2 &#8211; O ponto de vistaH\u00c1 MUITAS MORADAS NA CASA DE MEU PAIRoteiro 3 &#8211; H\u00e1 muitas moradas na casa de meu PaiRoteiro 4 &#8211; Destina\u00e7\u00e3o da terra &#8211; Causas das mis\u00e9rias humanasNINGU\u00c9M PODER\u00c1 VER O&hellip;<\/p>\n","protected":false},"author":1,"featured_media":0,"parent":0,"menu_order":0,"comment_status":"closed","ping_status":"closed","template":"","meta":{"footnotes":""},"class_list":["post-45","page","type-page","status-publish","hentry"],"_links":{"self":[{"href":"https:\/\/floradearaujo.org.br\/index.php?rest_route=\/wp\/v2\/pages\/45","targetHints":{"allow":["GET"]}}],"collection":[{"href":"https:\/\/floradearaujo.org.br\/index.php?rest_route=\/wp\/v2\/pages"}],"about":[{"href":"https:\/\/floradearaujo.org.br\/index.php?rest_route=\/wp\/v2\/types\/page"}],"author":[{"embeddable":true,"href":"https:\/\/floradearaujo.org.br\/index.php?rest_route=\/wp\/v2\/users\/1"}],"replies":[{"embeddable":true,"href":"https:\/\/floradearaujo.org.br\/index.php?rest_route=%2Fwp%2Fv2%2Fcomments&post=45"}],"version-history":[{"count":0,"href":"https:\/\/floradearaujo.org.br\/index.php?rest_route=\/wp\/v2\/pages\/45\/revisions"}],"wp:attachment":[{"href":"https:\/\/floradearaujo.org.br\/index.php?rest_route=%2Fwp%2Fv2%2Fmedia&parent=45"}],"curies":[{"name":"wp","href":"https:\/\/api.w.org\/{rel}","templated":true}]}}