{"id":53,"date":"2023-11-19T21:50:18","date_gmt":"2023-11-20T00:50:18","guid":{"rendered":"http:\/\/floradearaujo.org.br?page_id=53"},"modified":"2023-11-27T04:20:33","modified_gmt":"2023-11-27T07:20:33","slug":"palestras-e-eventos","status":"publish","type":"page","link":"https:\/\/floradearaujo.org.br\/?page_id=53","title":{"rendered":"Palestras e Eventos"},"content":{"rendered":"\t\t<div data-elementor-type=\"wp-page\" data-elementor-id=\"53\" class=\"elementor elementor-53\">\n\t\t\t\t<div class=\"elementor-element elementor-element-6fae954 e-flex e-con-boxed e-con e-parent\" data-id=\"6fae954\" data-element_type=\"container\">\n\t\t\t\t\t<div class=\"e-con-inner\">\n\t\t\t\t<div class=\"elementor-element elementor-element-1bc71f7 elementor-widget__width-initial exad-sticky-section-no exad-glass-effect-no elementor-widget elementor-widget-image\" data-id=\"1bc71f7\" data-element_type=\"widget\" data-widget_type=\"image.default\">\n\t\t\t\t<div class=\"elementor-widget-container\">\n\t\t\t\t\t\t\t\t\t\t\t\t\t\t<a href=\"https:\/\/floradearaujo.org.br\/?page_id=59\">\n\t\t\t\t\t\t\t<img fetchpriority=\"high\" decoding=\"async\" width=\"701\" height=\"466\" src=\"https:\/\/floradearaujo.org.br\/wp-content\/uploads\/2023\/11\/palestras-publica.jpg\" class=\"attachment-large size-large wp-image-694\" alt=\"\" srcset=\"https:\/\/floradearaujo.org.br\/wp-content\/uploads\/2023\/11\/palestras-publica.jpg 701w, https:\/\/floradearaujo.org.br\/wp-content\/uploads\/2023\/11\/palestras-publica-600x399.jpg 600w, https:\/\/floradearaujo.org.br\/wp-content\/uploads\/2023\/11\/palestras-publica-300x199.jpg 300w\" sizes=\"(max-width: 701px) 100vw, 701px\" \/>\t\t\t\t\t\t\t\t<\/a>\n\t\t\t\t\t\t\t\t\t\t\t\t\t<\/div>\n\t\t\t\t<\/div>\n\t\t\t\t<div class=\"elementor-element elementor-element-c0efbfd exad-sticky-section-no exad-glass-effect-no elementor-widget elementor-widget-text-editor\" data-id=\"c0efbfd\" data-element_type=\"widget\" data-widget_type=\"text-editor.default\">\n\t\t\t\t<div class=\"elementor-widget-container\">\n\t\t\t\t\t\t\t<h2>Palestra P\u00fablica \u2013 Doutrin\u00e1ria<\/h2><p>\u00a0 \u00a0 \u00a0 As palestra p\u00fablica\u00a0<strong>Doutrin\u00e1ria<\/strong>\u00a0\u00e9 realizada todas as quintas-feiras a partir de 20:00 h, e todas as sextas-feiras a partir das 15:00h, \u00e9 uma\u00a0 atividade de exposi\u00e7\u00e3o filos\u00f3fica\/ doutrin\u00e1ria e evang\u00e9lica. As palestras s\u00e3o dirigidas a todas as pessoas, independentemente de ra\u00e7a, credo religioso, ideologia, nacionalidade, sexo e idade.<\/p><p>(Clique na imagem, para consultar a grade de\u00a0<strong>programa\u00e7\u00e3o<\/strong>)<\/p>\t\t\t\t\t\t<\/div>\n\t\t\t\t<\/div>\n\t\t\t\t\t<\/div>\n\t\t\t\t<\/div>\n\t\t<div class=\"elementor-element elementor-element-5d2d172 e-flex e-con-boxed e-con e-parent\" data-id=\"5d2d172\" data-element_type=\"container\">\n\t\t\t\t\t<div class=\"e-con-inner\">\n\t\t\t\t<div class=\"elementor-element elementor-element-862bc7c elementor-widget__width-initial exad-sticky-section-no exad-glass-effect-no elementor-widget elementor-widget-image\" data-id=\"862bc7c\" data-element_type=\"widget\" data-widget_type=\"image.default\">\n\t\t\t\t<div class=\"elementor-widget-container\">\n\t\t\t\t\t\t\t\t\t\t\t\t\t\t<a href=\"https:\/\/floradearaujo.org.br\/?page_id=59\">\n\t\t\t\t\t\t\t<img decoding=\"async\" width=\"701\" height=\"466\" src=\"https:\/\/floradearaujo.org.br\/wp-content\/uploads\/2023\/11\/logo-fluidoterapia1-1.jpg\" class=\"attachment-1536x1536 size-1536x1536 wp-image-1016\" alt=\"\" srcset=\"https:\/\/floradearaujo.org.br\/wp-content\/uploads\/2023\/11\/logo-fluidoterapia1-1.jpg 701w, https:\/\/floradearaujo.org.br\/wp-content\/uploads\/2023\/11\/logo-fluidoterapia1-1-600x399.jpg 600w, https:\/\/floradearaujo.org.br\/wp-content\/uploads\/2023\/11\/logo-fluidoterapia1-1-300x199.jpg 300w\" sizes=\"(max-width: 701px) 100vw, 701px\" \/>\t\t\t\t\t\t\t\t<\/a>\n\t\t\t\t\t\t\t\t\t\t\t\t\t<\/div>\n\t\t\t\t<\/div>\n\t\t\t\t<div class=\"elementor-element elementor-element-c3f87a3 exad-sticky-section-no exad-glass-effect-no elementor-widget elementor-widget-text-editor\" data-id=\"c3f87a3\" data-element_type=\"widget\" data-widget_type=\"text-editor.default\">\n\t\t\t\t<div class=\"elementor-widget-container\">\n\t\t\t\t\t\t\t<h2>Palestra P\u00fablica \u2013 Fluidoterapia\u00a0 \u00a0 \u00a0<\/h2><p>\u00a0 \u00a0 \u00a0 A palestra p\u00fablica da <strong>Fluidoterapia<\/strong>\u00a0\u00e9 realizada todas as sextas-feiras a partir das 19:30 h. As atividades realizadas s\u00e3o as seguintes:<\/p><ul><li>Palestra com um tema edificante, relacionado ao Evangelho Consolador do Cristo Jesus;<\/li><li>Passe esp\u00edrita e fluidifica\u00e7\u00e3o da \u00e1gua;<\/li><li>Atendimento fraterno.<\/li><\/ul><p>(Clique na imagem, para consultar a grade de\u00a0<strong>programa\u00e7\u00e3o<\/strong>)<\/p>\t\t\t\t\t\t<\/div>\n\t\t\t\t<\/div>\n\t\t\t\t\t<\/div>\n\t\t\t\t<\/div>\n\t\t\t\t<\/div>\n\t\t","protected":false},"excerpt":{"rendered":"<p>Palestra P\u00fablica \u2013 Doutrin\u00e1ria \u00a0 \u00a0 \u00a0 As palestra p\u00fablica\u00a0Doutrin\u00e1ria\u00a0\u00e9 realizada todas as quintas-feiras a partir de 20:00 h, e todas as sextas-feiras a partir das 15:00h, \u00e9 uma\u00a0 atividade de exposi\u00e7\u00e3o filos\u00f3fica\/ doutrin\u00e1ria e evang\u00e9lica. As palestras s\u00e3o dirigidas a todas as pessoas, independentemente de ra\u00e7a, credo religioso, ideologia, nacionalidade, sexo e idade. (Clique&hellip;<\/p>\n","protected":false},"author":1,"featured_media":0,"parent":0,"menu_order":0,"comment_status":"closed","ping_status":"closed","template":"","meta":{"footnotes":""},"class_list":["post-53","page","type-page","status-publish","hentry"],"_links":{"self":[{"href":"https:\/\/floradearaujo.org.br\/index.php?rest_route=\/wp\/v2\/pages\/53","targetHints":{"allow":["GET"]}}],"collection":[{"href":"https:\/\/floradearaujo.org.br\/index.php?rest_route=\/wp\/v2\/pages"}],"about":[{"href":"https:\/\/floradearaujo.org.br\/index.php?rest_route=\/wp\/v2\/types\/page"}],"author":[{"embeddable":true,"href":"https:\/\/floradearaujo.org.br\/index.php?rest_route=\/wp\/v2\/users\/1"}],"replies":[{"embeddable":true,"href":"https:\/\/floradearaujo.org.br\/index.php?rest_route=%2Fwp%2Fv2%2Fcomments&post=53"}],"version-history":[{"count":0,"href":"https:\/\/floradearaujo.org.br\/index.php?rest_route=\/wp\/v2\/pages\/53\/revisions"}],"wp:attachment":[{"href":"https:\/\/floradearaujo.org.br\/index.php?rest_route=%2Fwp%2Fv2%2Fmedia&parent=53"}],"curies":[{"name":"wp","href":"https:\/\/api.w.org\/{rel}","templated":true}]}}