{"id":55,"date":"2023-11-19T21:50:45","date_gmt":"2023-11-20T00:50:45","guid":{"rendered":"http:\/\/floradearaujo.org.br?page_id=55"},"modified":"2023-11-20T10:32:04","modified_gmt":"2023-11-20T13:32:04","slug":"sobre","status":"publish","type":"page","link":"https:\/\/floradearaujo.org.br\/?page_id=55","title":{"rendered":"Sobre"},"content":{"rendered":"\t\t<div data-elementor-type=\"wp-page\" data-elementor-id=\"55\" class=\"elementor elementor-55\">\n\t\t\t\t<div class=\"elementor-element elementor-element-41ccbf8 e-flex e-con-boxed e-con e-parent\" data-id=\"41ccbf8\" data-element_type=\"container\">\n\t\t\t\t\t<div class=\"e-con-inner\">\n\t\t\t\t<div class=\"elementor-element elementor-element-7882894 exad-sticky-section-no exad-glass-effect-no elementor-widget elementor-widget-text-editor\" data-id=\"7882894\" data-element_type=\"widget\" data-widget_type=\"text-editor.default\">\n\t\t\t\t<div class=\"elementor-widget-container\">\n\t\t\t\t\t\t\t<p>\u00a0 \u00a0 \u00a0 As <strong>palestras p\u00fablicas<\/strong> s\u00e3o atividades de exposi\u00e7\u00e3o filos\u00f3fica\/ doutrin\u00e1ria e evang\u00e9lica, a cargo de um palestrante colaborador do C.E.F.A. ou convidado, com conhecimento da Doutrina Esp\u00edrita, conforme escala do m\u00eas. As palestras s\u00e3o dirigidas a todas as pessoas, independentemente de ra\u00e7a, credo religioso, ideologia, nacionalidade, sexo e idade.<\/p><p>\u00a0 \u00a0 \u00a0 Ap\u00f3s as palestras p\u00fablicas, o C.E.F.A. oferece a quem interessar a \u201c<span style=\"text-decoration: underline;\">Conversa Fraterna<\/span>&#8220;, conversa voltada aos problemas da alma, fundamenta no Evangelho do Cristo e objetiva assist\u00eancia individualizada aos que sofrem, atrav\u00e9s do di\u00e1logo espont\u00e2neo, confidencial e privativo. Esta conversa \u00e9 realizada por equipe de tarefeiros, estruturado para tal fim.<\/p><p>\u00a0 \u00a0 \u00a0 Ap\u00f3s a palestra p\u00fablica, o C.E.F.A. oferece aos presentes, que necessitarem, o &#8220;<span style=\"text-decoration: underline;\">Passe Esp\u00edrita<\/span>&#8220;, que tem por finalidade o reequil\u00edbrio das energias do corpo f\u00edsico e espiritual.<\/p>\t\t\t\t\t\t<\/div>\n\t\t\t\t<\/div>\n\t\t\t\t\t<\/div>\n\t\t\t\t<\/div>\n\t\t\t\t<\/div>\n\t\t","protected":false},"excerpt":{"rendered":"<p>\u00a0 \u00a0 \u00a0 As palestras p\u00fablicas s\u00e3o atividades de exposi\u00e7\u00e3o filos\u00f3fica\/ doutrin\u00e1ria e evang\u00e9lica, a cargo de um palestrante colaborador do C.E.F.A. ou convidado, com conhecimento da Doutrina Esp\u00edrita, conforme escala do m\u00eas. As palestras s\u00e3o dirigidas a todas as pessoas, independentemente de ra\u00e7a, credo religioso, ideologia, nacionalidade, sexo e idade. \u00a0 \u00a0 \u00a0 Ap\u00f3s&hellip;<\/p>\n","protected":false},"author":1,"featured_media":0,"parent":0,"menu_order":0,"comment_status":"closed","ping_status":"closed","template":"","meta":{"footnotes":""},"class_list":["post-55","page","type-page","status-publish","hentry"],"_links":{"self":[{"href":"https:\/\/floradearaujo.org.br\/index.php?rest_route=\/wp\/v2\/pages\/55","targetHints":{"allow":["GET"]}}],"collection":[{"href":"https:\/\/floradearaujo.org.br\/index.php?rest_route=\/wp\/v2\/pages"}],"about":[{"href":"https:\/\/floradearaujo.org.br\/index.php?rest_route=\/wp\/v2\/types\/page"}],"author":[{"embeddable":true,"href":"https:\/\/floradearaujo.org.br\/index.php?rest_route=\/wp\/v2\/users\/1"}],"replies":[{"embeddable":true,"href":"https:\/\/floradearaujo.org.br\/index.php?rest_route=%2Fwp%2Fv2%2Fcomments&post=55"}],"version-history":[{"count":0,"href":"https:\/\/floradearaujo.org.br\/index.php?rest_route=\/wp\/v2\/pages\/55\/revisions"}],"wp:attachment":[{"href":"https:\/\/floradearaujo.org.br\/index.php?rest_route=%2Fwp%2Fv2%2Fmedia&parent=55"}],"curies":[{"name":"wp","href":"https:\/\/api.w.org\/{rel}","templated":true}]}}