{"id":57,"date":"2023-11-19T21:51:05","date_gmt":"2023-11-20T00:51:05","guid":{"rendered":"http:\/\/floradearaujo.org.br?page_id=57"},"modified":"2025-02-25T15:39:29","modified_gmt":"2025-02-25T18:39:29","slug":"palestras","status":"publish","type":"page","link":"https:\/\/floradearaujo.org.br\/?page_id=57","title":{"rendered":"Palestras"},"content":{"rendered":"\t\t<div data-elementor-type=\"wp-page\" data-elementor-id=\"57\" class=\"elementor elementor-57\">\n\t\t\t\t<div class=\"elementor-element elementor-element-31763dc e-flex e-con-boxed e-con e-parent\" data-id=\"31763dc\" data-element_type=\"container\">\n\t\t\t\t\t<div class=\"e-con-inner\">\n\t\t\t\t<div class=\"elementor-element elementor-element-8d6bbec elementor-widget__width-initial exad-sticky-section-no exad-glass-effect-no elementor-widget elementor-widget-image\" data-id=\"8d6bbec\" data-element_type=\"widget\" data-widget_type=\"image.default\">\n\t\t\t\t<div class=\"elementor-widget-container\">\n\t\t\t\t\t\t\t\t\t\t\t\t\t\t<a href=\"http:\/\/floradearaujo.org.br\/?page_id=59\">\n\t\t\t\t\t\t\t<img fetchpriority=\"high\" decoding=\"async\" width=\"701\" height=\"466\" src=\"https:\/\/floradearaujo.org.br\/wp-content\/uploads\/2023\/11\/palestras-publica.jpg\" class=\"attachment-large size-large wp-image-694\" alt=\"\" srcset=\"https:\/\/floradearaujo.org.br\/wp-content\/uploads\/2023\/11\/palestras-publica.jpg 701w, https:\/\/floradearaujo.org.br\/wp-content\/uploads\/2023\/11\/palestras-publica-600x399.jpg 600w, https:\/\/floradearaujo.org.br\/wp-content\/uploads\/2023\/11\/palestras-publica-300x199.jpg 300w\" sizes=\"(max-width: 701px) 100vw, 701px\" \/>\t\t\t\t\t\t\t\t<\/a>\n\t\t\t\t\t\t\t\t\t\t\t\t\t<\/div>\n\t\t\t\t<\/div>\n\t\t\t\t<div class=\"elementor-element elementor-element-a78149e exad-sticky-section-no exad-glass-effect-no elementor-widget elementor-widget-text-editor\" data-id=\"a78149e\" data-element_type=\"widget\" data-widget_type=\"text-editor.default\">\n\t\t\t\t<div class=\"elementor-widget-container\">\n\t\t\t\t\t\t\t<h2>Palestra P\u00fablica &#8211; Doutrin\u00e1ria<\/h2><p>\u00a0 \u00a0 \u00a0 A palestra p\u00fablica <strong>Doutrin\u00e1ria<\/strong> \u00e9 realizada todas as quintas-feiras a partir de 20:00 h, e todas as sextas-feiras a partir das 15:00h, \u00e9 uma\u00a0 atividade de exposi\u00e7\u00e3o filos\u00f3fica\/ doutrin\u00e1ria e evang\u00e9lica. As palestras s\u00e3o dirigidas a todas as pessoas, independentemente de ra\u00e7a, credo religioso, ideologia, nacionalidade, sexo e idade.<\/p><p>(Clique na imagem, para consultar a grade de <strong>programa\u00e7\u00e3o<\/strong>)<\/p>\t\t\t\t\t\t<\/div>\n\t\t\t\t<\/div>\n\t\t\t\t\t<\/div>\n\t\t\t\t<\/div>\n\t\t<div class=\"elementor-element elementor-element-775fd82 e-flex e-con-boxed e-con e-parent\" data-id=\"775fd82\" data-element_type=\"container\">\n\t\t\t\t\t<div class=\"e-con-inner\">\n\t\t\t\t<div class=\"elementor-element elementor-element-1a3de89 elementor-widget__width-initial elementor-widget-tablet__width-initial exad-sticky-section-no exad-glass-effect-no elementor-widget elementor-widget-image\" data-id=\"1a3de89\" data-element_type=\"widget\" data-widget_type=\"image.default\">\n\t\t\t\t<div class=\"elementor-widget-container\">\n\t\t\t\t\t\t\t\t\t\t\t\t\t\t<a href=\"http:\/\/floradearaujo.org.br\/?page_id=59\">\n\t\t\t\t\t\t\t<img decoding=\"async\" width=\"701\" height=\"466\" src=\"https:\/\/floradearaujo.org.br\/wp-content\/uploads\/2023\/11\/logo-fluidoterapia1-1.jpg\" class=\"attachment-1536x1536 size-1536x1536 wp-image-1016\" alt=\"\" srcset=\"https:\/\/floradearaujo.org.br\/wp-content\/uploads\/2023\/11\/logo-fluidoterapia1-1.jpg 701w, https:\/\/floradearaujo.org.br\/wp-content\/uploads\/2023\/11\/logo-fluidoterapia1-1-600x399.jpg 600w, https:\/\/floradearaujo.org.br\/wp-content\/uploads\/2023\/11\/logo-fluidoterapia1-1-300x199.jpg 300w\" sizes=\"(max-width: 701px) 100vw, 701px\" \/>\t\t\t\t\t\t\t\t<\/a>\n\t\t\t\t\t\t\t\t\t\t\t\t\t<\/div>\n\t\t\t\t<\/div>\n\t\t\t\t<div class=\"elementor-element elementor-element-0420356 elementor-widget__width-inherit exad-sticky-section-no exad-glass-effect-no elementor-widget elementor-widget-text-editor\" data-id=\"0420356\" data-element_type=\"widget\" data-widget_type=\"text-editor.default\">\n\t\t\t\t<div class=\"elementor-widget-container\">\n\t\t\t\t\t\t\t<h2>Palestra P\u00fablica &#8211; Fluidoterapia<\/h2><p>A palestra p\u00fablica da <strong>Fluidoterapia<\/strong> \u00e9 realizada todas as sextas-feiras a partir das 19:30 h. As atividades realizadas s\u00e3o as seguintes:<\/p><ul><li>Palestra com um tema edificante, relacionado ao Evangelho Consolador do Cristo Jesus;<\/li><li>Passe esp\u00edrita e fluidifica\u00e7\u00e3o da \u00e1gua;<\/li><li>Atendimento fraterno.<\/li><\/ul><p>(Clique na imagem, para consultar a grade de <strong>programa\u00e7\u00e3o<\/strong>)<\/p>\t\t\t\t\t\t<\/div>\n\t\t\t\t<\/div>\n\t\t\t\t\t<\/div>\n\t\t\t\t<\/div>\n\t\t\t\t<\/div>\n\t\t","protected":false},"excerpt":{"rendered":"<p>Palestra P\u00fablica &#8211; Doutrin\u00e1ria \u00a0 \u00a0 \u00a0 A palestra p\u00fablica Doutrin\u00e1ria \u00e9 realizada todas as quintas-feiras a partir de 20:00 h, e todas as sextas-feiras a partir das 15:00h, \u00e9 uma\u00a0 atividade de exposi\u00e7\u00e3o filos\u00f3fica\/ doutrin\u00e1ria e evang\u00e9lica. As palestras s\u00e3o dirigidas a todas as pessoas, independentemente de ra\u00e7a, credo religioso, ideologia, nacionalidade, sexo e&hellip;<\/p>\n","protected":false},"author":1,"featured_media":0,"parent":0,"menu_order":0,"comment_status":"closed","ping_status":"closed","template":"","meta":{"footnotes":""},"class_list":["post-57","page","type-page","status-publish","hentry"],"_links":{"self":[{"href":"https:\/\/floradearaujo.org.br\/index.php?rest_route=\/wp\/v2\/pages\/57","targetHints":{"allow":["GET"]}}],"collection":[{"href":"https:\/\/floradearaujo.org.br\/index.php?rest_route=\/wp\/v2\/pages"}],"about":[{"href":"https:\/\/floradearaujo.org.br\/index.php?rest_route=\/wp\/v2\/types\/page"}],"author":[{"embeddable":true,"href":"https:\/\/floradearaujo.org.br\/index.php?rest_route=\/wp\/v2\/users\/1"}],"replies":[{"embeddable":true,"href":"https:\/\/floradearaujo.org.br\/index.php?rest_route=%2Fwp%2Fv2%2Fcomments&post=57"}],"version-history":[{"count":0,"href":"https:\/\/floradearaujo.org.br\/index.php?rest_route=\/wp\/v2\/pages\/57\/revisions"}],"wp:attachment":[{"href":"https:\/\/floradearaujo.org.br\/index.php?rest_route=%2Fwp%2Fv2%2Fmedia&parent=57"}],"curies":[{"name":"wp","href":"https:\/\/api.w.org\/{rel}","templated":true}]}}