{"id":61,"date":"2023-11-19T21:52:20","date_gmt":"2023-11-20T00:52:20","guid":{"rendered":"http:\/\/floradearaujo.org.br?page_id=61"},"modified":"2025-02-25T16:06:37","modified_gmt":"2025-02-25T19:06:37","slug":"promocao-social","status":"publish","type":"page","link":"https:\/\/floradearaujo.org.br\/?page_id=61","title":{"rendered":"Promo\u00e7\u00e3o Social"},"content":{"rendered":"\t\t<div data-elementor-type=\"wp-page\" data-elementor-id=\"61\" class=\"elementor elementor-61\">\n\t\t\t\t<div class=\"elementor-element elementor-element-008ab86 e-flex e-con-boxed e-con e-parent\" data-id=\"008ab86\" data-element_type=\"container\">\n\t\t\t\t\t<div class=\"e-con-inner\">\n\t\t\t\t<div class=\"elementor-element elementor-element-0aaeefb exad-sticky-section-no exad-glass-effect-no elementor-widget elementor-widget-image\" data-id=\"0aaeefb\" data-element_type=\"widget\" data-widget_type=\"image.default\">\n\t\t\t\t<div class=\"elementor-widget-container\">\n\t\t\t\t\t\t\t\t\t\t\t\t\t<img fetchpriority=\"high\" decoding=\"async\" width=\"1024\" height=\"352\" src=\"https:\/\/floradearaujo.org.br\/wp-content\/uploads\/2023\/11\/assistencia-social-1024x352.jpg\" class=\"attachment-large size-large wp-image-287\" alt=\"\" srcset=\"https:\/\/floradearaujo.org.br\/wp-content\/uploads\/2023\/11\/assistencia-social-1024x352.jpg 1024w, https:\/\/floradearaujo.org.br\/wp-content\/uploads\/2023\/11\/assistencia-social-600x206.jpg 600w, https:\/\/floradearaujo.org.br\/wp-content\/uploads\/2023\/11\/assistencia-social-300x103.jpg 300w, https:\/\/floradearaujo.org.br\/wp-content\/uploads\/2023\/11\/assistencia-social-768x264.jpg 768w, https:\/\/floradearaujo.org.br\/wp-content\/uploads\/2023\/11\/assistencia-social-1536x527.jpg 1536w, https:\/\/floradearaujo.org.br\/wp-content\/uploads\/2023\/11\/assistencia-social.jpg 1820w\" sizes=\"(max-width: 1024px) 100vw, 1024px\" \/>\t\t\t\t\t\t\t\t\t\t\t\t\t<\/div>\n\t\t\t\t<\/div>\n\t\t\t\t<div class=\"elementor-element elementor-element-6350203 exad-sticky-section-no exad-glass-effect-no elementor-widget elementor-widget-text-editor\" data-id=\"6350203\" data-element_type=\"widget\" data-widget_type=\"text-editor.default\">\n\t\t\t\t<div class=\"elementor-widget-container\">\n\t\t\t\t\t\t\t<p>\u00a0 \u00a0 \u00a0 A <strong>Promo\u00e7\u00e3o Social<\/strong> do C.E.F.A. tem por objetivo atender as fam\u00edlias cadastradas com o fornecimento de cestas b\u00e1sicas e outras necessidades. Este trabalho \u00e9 mantido atrav\u00e9s de:<\/p><ul><li>Doa\u00e7\u00f5es de g\u00eaneros aliment\u00edcios n\u00e3o perec\u00edveis;<\/li><li>Recursos do Bazar, oriundos da venda de roupas, cal\u00e7ados e demais materiais doados;<\/li><\/ul><p>\u00a0 \u00a0 \u00a0 O atendimento \u00e9 feito as <strong>sextas-feiras, das 9:30h \u00e0s 10:00h<\/strong>. Dentre os trabalhos desenvolvidos, destacamos as Campanhas do Material Escolar e do Natal. Os interessados em colaborar com o nosso trabalho de Assist\u00eancia \u00e0s fam\u00edlias carentes, podem entregar suas doa\u00e7\u00f5es em quaisquer hor\u00e1rios de atividades p\u00fablicas do C.E.F.A.<\/p><p>\u00a0 \u00a0 \u00a0 Para maiores informa\u00e7\u00f5es utilize o &#8220;<span style=\"text-decoration: underline;\">Fale Conosco<\/span>&#8221; no rodap\u00e9 da p\u00e1gina.<\/p>\t\t\t\t\t\t<\/div>\n\t\t\t\t<\/div>\n\t\t<div class=\"elementor-element elementor-element-12d0be3 e-flex e-con-boxed e-con e-child\" data-id=\"12d0be3\" data-element_type=\"container\">\n\t\t\t\t\t<div class=\"e-con-inner\">\n\t\t\t\t<div class=\"elementor-element elementor-element-55749d9 elementor-widget__width-initial exad-sticky-section-no exad-glass-effect-no elementor-widget elementor-widget-image\" data-id=\"55749d9\" data-element_type=\"widget\" data-widget_type=\"image.default\">\n\t\t\t\t<div class=\"elementor-widget-container\">\n\t\t\t\t\t\t\t\t\t\t\t\t\t<img decoding=\"async\" width=\"600\" height=\"450\" src=\"https:\/\/floradearaujo.org.br\/wp-content\/uploads\/2023\/11\/trabalhadores-da-promocao-social.jpg\" class=\"attachment-large size-large wp-image-337\" alt=\"\" srcset=\"https:\/\/floradearaujo.org.br\/wp-content\/uploads\/2023\/11\/trabalhadores-da-promocao-social.jpg 600w, https:\/\/floradearaujo.org.br\/wp-content\/uploads\/2023\/11\/trabalhadores-da-promocao-social-300x225.jpg 300w\" sizes=\"(max-width: 600px) 100vw, 600px\" \/>\t\t\t\t\t\t\t\t\t\t\t\t\t<\/div>\n\t\t\t\t<\/div>\n\t\t\t\t<div class=\"elementor-element elementor-element-7ecbf65 exad-sticky-section-no exad-glass-effect-no elementor-widget elementor-widget-text-editor\" data-id=\"7ecbf65\" data-element_type=\"widget\" data-widget_type=\"text-editor.default\">\n\t\t\t\t<div class=\"elementor-widget-container\">\n\t\t\t\t\t\t\t<p><strong><br><\/strong><\/p><p><strong><br><\/strong><\/p><p><strong><br><\/strong><\/p><p><strong><br><\/strong><\/p><p><strong>TRABALHADORES DA PROMO\u00c7\u00c3O SOCIAL, DE ONTEM, DE HOJE E DE SEMPRE!<\/strong><\/p>\t\t\t\t\t\t<\/div>\n\t\t\t\t<\/div>\n\t\t\t\t\t<\/div>\n\t\t\t\t<\/div>\n\t\t\t\t\t<\/div>\n\t\t\t\t<\/div>\n\t\t\t\t<\/div>\n\t\t","protected":false},"excerpt":{"rendered":"<p>\u00a0 \u00a0 \u00a0 A Promo\u00e7\u00e3o Social do C.E.F.A. tem por objetivo atender as fam\u00edlias cadastradas com o fornecimento de cestas b\u00e1sicas e outras necessidades. Este trabalho \u00e9 mantido atrav\u00e9s de: Doa\u00e7\u00f5es de g\u00eaneros aliment\u00edcios n\u00e3o perec\u00edveis; Recursos do Bazar, oriundos da venda de roupas, cal\u00e7ados e demais materiais doados; \u00a0 \u00a0 \u00a0 O atendimento \u00e9&hellip;<\/p>\n","protected":false},"author":1,"featured_media":0,"parent":0,"menu_order":0,"comment_status":"closed","ping_status":"closed","template":"","meta":{"footnotes":""},"class_list":["post-61","page","type-page","status-publish","hentry"],"_links":{"self":[{"href":"https:\/\/floradearaujo.org.br\/index.php?rest_route=\/wp\/v2\/pages\/61","targetHints":{"allow":["GET"]}}],"collection":[{"href":"https:\/\/floradearaujo.org.br\/index.php?rest_route=\/wp\/v2\/pages"}],"about":[{"href":"https:\/\/floradearaujo.org.br\/index.php?rest_route=\/wp\/v2\/types\/page"}],"author":[{"embeddable":true,"href":"https:\/\/floradearaujo.org.br\/index.php?rest_route=\/wp\/v2\/users\/1"}],"replies":[{"embeddable":true,"href":"https:\/\/floradearaujo.org.br\/index.php?rest_route=%2Fwp%2Fv2%2Fcomments&post=61"}],"version-history":[{"count":0,"href":"https:\/\/floradearaujo.org.br\/index.php?rest_route=\/wp\/v2\/pages\/61\/revisions"}],"wp:attachment":[{"href":"https:\/\/floradearaujo.org.br\/index.php?rest_route=%2Fwp%2Fv2%2Fmedia&parent=61"}],"curies":[{"name":"wp","href":"https:\/\/api.w.org\/{rel}","templated":true}]}}