{"id":63,"date":"2023-11-19T21:52:49","date_gmt":"2023-11-20T00:52:49","guid":{"rendered":"http:\/\/floradearaujo.org.br?page_id=63"},"modified":"2025-02-25T15:42:00","modified_gmt":"2025-02-25T18:42:00","slug":"doacoes","status":"publish","type":"page","link":"https:\/\/floradearaujo.org.br\/?page_id=63","title":{"rendered":"Doa\u00e7\u00f5es"},"content":{"rendered":"\t\t<div data-elementor-type=\"wp-page\" data-elementor-id=\"63\" class=\"elementor elementor-63\">\n\t\t\t\t<div class=\"elementor-element elementor-element-c3e65ad e-flex e-con-boxed e-con e-parent\" data-id=\"c3e65ad\" data-element_type=\"container\">\n\t\t\t\t\t<div class=\"e-con-inner\">\n\t\t\t\t<div class=\"elementor-element elementor-element-5cb1de3 exad-sticky-section-no exad-glass-effect-no elementor-widget elementor-widget-image\" data-id=\"5cb1de3\" data-element_type=\"widget\" data-widget_type=\"image.default\">\n\t\t\t\t<div class=\"elementor-widget-container\">\n\t\t\t\t\t\t\t\t\t\t\t\t\t<img fetchpriority=\"high\" decoding=\"async\" width=\"1024\" height=\"431\" src=\"https:\/\/floradearaujo.org.br\/wp-content\/uploads\/2023\/11\/DOE-1024x431.png\" class=\"attachment-large size-large wp-image-317\" alt=\"\" srcset=\"https:\/\/floradearaujo.org.br\/wp-content\/uploads\/2023\/11\/DOE-1024x431.png 1024w, https:\/\/floradearaujo.org.br\/wp-content\/uploads\/2023\/11\/DOE-600x252.png 600w, https:\/\/floradearaujo.org.br\/wp-content\/uploads\/2023\/11\/DOE-300x126.png 300w, https:\/\/floradearaujo.org.br\/wp-content\/uploads\/2023\/11\/DOE-768x323.png 768w, https:\/\/floradearaujo.org.br\/wp-content\/uploads\/2023\/11\/DOE-1536x646.png 1536w, https:\/\/floradearaujo.org.br\/wp-content\/uploads\/2023\/11\/DOE.png 1671w\" sizes=\"(max-width: 1024px) 100vw, 1024px\" \/>\t\t\t\t\t\t\t\t\t\t\t\t\t<\/div>\n\t\t\t\t<\/div>\n\t\t\t\t\t<\/div>\n\t\t\t\t<\/div>\n\t\t<div class=\"elementor-element elementor-element-aef96f8 e-flex e-con-boxed e-con e-parent\" data-id=\"aef96f8\" data-element_type=\"container\">\n\t\t\t\t\t<div class=\"e-con-inner\">\n\t\t\t\t<div class=\"elementor-element elementor-element-cdf0903 exad-sticky-section-no exad-glass-effect-no elementor-widget elementor-widget-text-editor\" data-id=\"cdf0903\" data-element_type=\"widget\" data-widget_type=\"text-editor.default\">\n\t\t\t\t<div class=\"elementor-widget-container\">\n\t\t\t\t\t\t\t<p><strong>Campanha de doa\u00e7\u00f5es de cestas b\u00e1sicas<\/strong><\/p><p>\u00a0 \u00a0 \u00a0 Assistimos a 12 fam\u00edlias, sendo 34 crian\u00e7as.<\/p>\t\t\t\t\t\t<\/div>\n\t\t\t\t<\/div>\n\t\t\t\t\t<\/div>\n\t\t\t\t<\/div>\n\t\t<div class=\"elementor-element elementor-element-aaf1407 e-flex e-con-boxed e-con e-parent\" data-id=\"aaf1407\" data-element_type=\"container\">\n\t\t\t\t\t<div class=\"e-con-inner\">\n\t\t\t\t<div class=\"elementor-element elementor-element-a1f9f6e elementor-widget__width-initial elementor-widget-mobile__width-initial exad-sticky-section-no exad-glass-effect-no elementor-widget elementor-widget-image\" data-id=\"a1f9f6e\" data-element_type=\"widget\" data-widget_type=\"image.default\">\n\t\t\t\t<div class=\"elementor-widget-container\">\n\t\t\t\t\t\t\t\t\t\t\t\t\t<img decoding=\"async\" width=\"1024\" height=\"993\" src=\"https:\/\/floradearaujo.org.br\/wp-content\/uploads\/2023\/11\/cestas-basicas-1024x993.jpg\" class=\"attachment-large size-large wp-image-312\" alt=\"\" srcset=\"https:\/\/floradearaujo.org.br\/wp-content\/uploads\/2023\/11\/cestas-basicas-1024x993.jpg 1024w, https:\/\/floradearaujo.org.br\/wp-content\/uploads\/2023\/11\/cestas-basicas-600x582.jpg 600w, https:\/\/floradearaujo.org.br\/wp-content\/uploads\/2023\/11\/cestas-basicas-300x291.jpg 300w, https:\/\/floradearaujo.org.br\/wp-content\/uploads\/2023\/11\/cestas-basicas-768x745.jpg 768w, https:\/\/floradearaujo.org.br\/wp-content\/uploads\/2023\/11\/cestas-basicas.jpg 1160w\" sizes=\"(max-width: 1024px) 100vw, 1024px\" \/>\t\t\t\t\t\t\t\t\t\t\t\t\t<\/div>\n\t\t\t\t<\/div>\n\t\t\t\t<div class=\"elementor-element elementor-element-d326bf6 elementor-widget__width-initial elementor-widget-mobile__width-initial exad-sticky-section-no exad-glass-effect-no elementor-widget elementor-widget-text-editor\" data-id=\"d326bf6\" data-element_type=\"widget\" data-widget_type=\"text-editor.default\">\n\t\t\t\t<div class=\"elementor-widget-container\">\n\t\t\t\t\t\t\t<p><strong>CESTA B\u00c1SICA<\/strong><br \/>(itens para 1 cesta)<\/p><p><b>5 Kg &#8211; Arroz<br \/><\/b><b>3 Kg &#8211; Feij\u00e3o <br \/><\/b><b>1 Kg &#8211; Fub\u00e1<br \/><\/b><b>1 Kg &#8211; Farinha de mandioca<br \/><\/b><b>1 Kg &#8211; Macarr\u00e3o<\/b><\/p><p><b>300g de Molho de Tomate<\/b><\/p><p><b>1 L &#8211; Leite<br \/><\/b><b>2 Kg &#8211; A\u00e7\u00facar<br \/><\/b><b>1 L &#8211; \u00d3leo<br \/><\/b><b>1 Unid &#8211; Tempero alho e sal<br \/><\/b><b>500 g &#8211; Caf\u00e9<br \/>1 Unid &#8211; Creme dental<br \/>3 Unid &#8211; Sabonete<br \/><\/b><b>2 Unid &#8211; Sab\u00e3o em barra<\/b><b><br \/><\/b><\/p>\t\t\t\t\t\t<\/div>\n\t\t\t\t<\/div>\n\t\t\t\t<div class=\"elementor-element elementor-element-726d921 exad-sticky-section-no exad-glass-effect-no elementor-widget elementor-widget-text-editor\" data-id=\"726d921\" data-element_type=\"widget\" data-widget_type=\"text-editor.default\">\n\t\t\t\t<div class=\"elementor-widget-container\">\n\t\t\t\t\t\t\t<p><strong>Aceitamos as doa\u00e7\u00f5es de itens no Centro Esp\u00edrita.<\/strong><\/p><p><span style=\"text-decoration: underline;\">Dep\u00f3sito em Conta Banc\u00e1ria:<\/span><\/p><p><strong>Caixa Econ\u00f4mica Federal<\/strong><br \/><strong>Ag\u00eancia: 3551<\/strong><br \/><strong>Conta corrente: 2.276-0<\/strong><\/p><p><span style=\"text-decoration: underline;\">Transfer\u00eancia via PIX:<\/span><\/p><p><strong>Chave PIX: 31463565000139<\/strong><\/p>\t\t\t\t\t\t<\/div>\n\t\t\t\t<\/div>\n\t\t\t\t\t<\/div>\n\t\t\t\t<\/div>\n\t\t\t\t<\/div>\n\t\t","protected":false},"excerpt":{"rendered":"<p>Campanha de doa\u00e7\u00f5es de cestas b\u00e1sicas \u00a0 \u00a0 \u00a0 Assistimos a 12 fam\u00edlias, sendo 34 crian\u00e7as. CESTA B\u00c1SICA(itens para 1 cesta) 5 Kg &#8211; Arroz3 Kg &#8211; Feij\u00e3o 1 Kg &#8211; Fub\u00e11 Kg &#8211; Farinha de mandioca1 Kg &#8211; Macarr\u00e3o 300g de Molho de Tomate 1 L &#8211; Leite2 Kg &#8211; A\u00e7\u00facar1 L &#8211; \u00d3leo1&hellip;<\/p>\n","protected":false},"author":1,"featured_media":0,"parent":0,"menu_order":0,"comment_status":"closed","ping_status":"closed","template":"","meta":{"footnotes":""},"class_list":["post-63","page","type-page","status-publish","hentry"],"_links":{"self":[{"href":"https:\/\/floradearaujo.org.br\/index.php?rest_route=\/wp\/v2\/pages\/63","targetHints":{"allow":["GET"]}}],"collection":[{"href":"https:\/\/floradearaujo.org.br\/index.php?rest_route=\/wp\/v2\/pages"}],"about":[{"href":"https:\/\/floradearaujo.org.br\/index.php?rest_route=\/wp\/v2\/types\/page"}],"author":[{"embeddable":true,"href":"https:\/\/floradearaujo.org.br\/index.php?rest_route=\/wp\/v2\/users\/1"}],"replies":[{"embeddable":true,"href":"https:\/\/floradearaujo.org.br\/index.php?rest_route=%2Fwp%2Fv2%2Fcomments&post=63"}],"version-history":[{"count":0,"href":"https:\/\/floradearaujo.org.br\/index.php?rest_route=\/wp\/v2\/pages\/63\/revisions"}],"wp:attachment":[{"href":"https:\/\/floradearaujo.org.br\/index.php?rest_route=%2Fwp%2Fv2%2Fmedia&parent=63"}],"curies":[{"name":"wp","href":"https:\/\/api.w.org\/{rel}","templated":true}]}}